{"id":903,"date":"2024-04-19T11:56:53","date_gmt":"2024-04-19T09:56:53","guid":{"rendered":"https:\/\/leclosdelabergerie33.com\/?page_id=903"},"modified":"2024-05-28T12:31:50","modified_gmt":"2024-05-28T10:31:50","slug":"mentions-legales","status":"publish","type":"page","link":"https:\/\/leclosdelabergerie33.com\/index.php\/mentions-legales\/","title":{"rendered":"Mentions L\u00e9gales"},"content":{"rendered":"\n<p class=\"has-text-align-center\"><strong>SECTION EN COURS DE CONCEPTION &#8211; MERCI POUR VOTRE COMPR\u00c9HENSION<\/strong><\/p>\n\n\n\n<div class=\"wp-block-media-text has-media-on-the-right is-stacked-on-mobile\"><div class=\"wp-block-media-text__content\">\n<h1 class=\"wp-block-heading has-text-align-center\"><strong>Mentions l\u00e9gales<\/strong><\/h1>\n\n\n\n<p class=\"has-text-align-center\">Nous sommes heureux de vous compter parmi les visiteurs sur notre site<\/p>\n\n\n<div class=\"wp-block-image\">\n<figure class=\"aligncenter size-large is-resized\"><img loading=\"lazy\" decoding=\"async\" width=\"1024\" height=\"172\" src=\"http:\/\/leclosdelabergerie33.com\/wp-content\/uploads\/2024\/04\/Design-sans-titre-8-1024x172.png\" alt=\"\" class=\"wp-image-646\" style=\"width:149px;height:auto\" srcset=\"https:\/\/leclosdelabergerie33.com\/wp-content\/uploads\/2024\/04\/Design-sans-titre-8-1024x172.png 1024w, https:\/\/leclosdelabergerie33.com\/wp-content\/uploads\/2024\/04\/Design-sans-titre-8-300x50.png 300w, https:\/\/leclosdelabergerie33.com\/wp-content\/uploads\/2024\/04\/Design-sans-titre-8-768x129.png 768w, https:\/\/leclosdelabergerie33.com\/wp-content\/uploads\/2024\/04\/Design-sans-titre-8-1536x258.png 1536w, https:\/\/leclosdelabergerie33.com\/wp-content\/uploads\/2024\/04\/Design-sans-titre-8-2048x344.png 2048w\" sizes=\"auto, (max-width: 1024px) 100vw, 1024px\" \/><\/figure><\/div>\n\n\n<h4 class=\"wp-block-heading\">D\u00e9signation du lieu<\/h4>\n\n\n\n<p><strong>Domaine de la Bergerie<\/strong><br>Lieu-dit B\u00e9zerie 33240 P\u00e9rissac<br><br><strong>Noms des H\u00f4tes : <\/strong><br>Sabine et Jos\u00e9 Luis <br>\ud83d\udcf2 06.22.04.57.82<br>\ud83d\udcf2 06.08.66.76.82<br>\ud83d\udce7 domainedelabergerie33@gmail.com<\/p>\n\n\n<div class=\"wp-block-image\">\n<figure class=\"aligncenter size-large is-resized\"><img loading=\"lazy\" decoding=\"async\" width=\"1024\" height=\"172\" src=\"http:\/\/leclosdelabergerie33.com\/wp-content\/uploads\/2024\/04\/Design-sans-titre-8-1024x172.png\" alt=\"\" class=\"wp-image-646\" style=\"width:149px;height:auto\" srcset=\"https:\/\/leclosdelabergerie33.com\/wp-content\/uploads\/2024\/04\/Design-sans-titre-8-1024x172.png 1024w, https:\/\/leclosdelabergerie33.com\/wp-content\/uploads\/2024\/04\/Design-sans-titre-8-300x50.png 300w, https:\/\/leclosdelabergerie33.com\/wp-content\/uploads\/2024\/04\/Design-sans-titre-8-768x129.png 768w, https:\/\/leclosdelabergerie33.com\/wp-content\/uploads\/2024\/04\/Design-sans-titre-8-1536x258.png 1536w, https:\/\/leclosdelabergerie33.com\/wp-content\/uploads\/2024\/04\/Design-sans-titre-8-2048x344.png 2048w\" sizes=\"auto, (max-width: 1024px) 100vw, 1024px\" \/><\/figure><\/div>\n\n\n<p class=\"has-text-align-center\">Num\u00e9ro SIRET :<br>42257999500065<br><br>Adresse de la Soci\u00e9t\u00e9 et Si\u00e8ge Social :<br>Lieu-Dit B\u00e9zerie 33240 P\u00e9rissac<br><br>(Num\u00e9ro d&rsquo;identification \u00e0 la TVA : en cours)<br><br>L\u2019h\u00e9bergement de ce site est assur\u00e9 par la soci\u00e9t\u00e9 <strong>HOSTINGER INTERNATIONAL LTD<\/strong>, dont le si\u00e8ge social se situe 61 Lordou Vironos Street, 6023 Larnaca, Chypre, joignable par le moyen suivant :\u00a0<a href=\"https:\/\/www.hostinger.fr\/contact\">https:\/\/www.hostinger.fr\/contact<\/a>.<\/p>\n\n\n\n<h4 class=\"wp-block-heading has-text-align-center\">Cr\u00e9dit Photos<\/h4>\n\n\n\n<p class=\"has-text-align-center\">Les photos du site sont notre propri\u00e9t\u00e9. Toute utilisation et toute forme de reproduction en est strictement interdite. Art L111 et L112 du code de la propri\u00e9t\u00e9 intellectuelle.<br><br>Dans la section \u00ab\u00a0D\u00e9couvrir la Gironde\u00a0\u00bb, les \u00e9l\u00e9ments utilis\u00e9s ont \u00e9t\u00e9 li\u00e9 \u00e0 leurs sources d&rsquo;origine.<\/p>\n\n\n\n<p><br><br><\/p>\n<\/div><figure class=\"wp-block-media-text__media\"><img loading=\"lazy\" decoding=\"async\" width=\"682\" height=\"1024\" src=\"http:\/\/leclosdelabergerie33.com\/wp-content\/uploads\/2024\/04\/Rose-682x1024.jpg\" alt=\"\" class=\"wp-image-907 size-full\" srcset=\"https:\/\/leclosdelabergerie33.com\/wp-content\/uploads\/2024\/04\/Rose-682x1024.jpg 682w, https:\/\/leclosdelabergerie33.com\/wp-content\/uploads\/2024\/04\/Rose-200x300.jpg 200w, https:\/\/leclosdelabergerie33.com\/wp-content\/uploads\/2024\/04\/Rose-768x1152.jpg 768w, https:\/\/leclosdelabergerie33.com\/wp-content\/uploads\/2024\/04\/Rose-1024x1536.jpg 1024w, https:\/\/leclosdelabergerie33.com\/wp-content\/uploads\/2024\/04\/Rose.jpg 1319w\" sizes=\"auto, (max-width: 682px) 100vw, 682px\" \/><\/figure><\/div>\n\n\n\n<div style=\"height:50px\" aria-hidden=\"true\" class=\"wp-block-spacer\"><\/div>\n\n\n\n<h1 class=\"wp-block-heading has-text-align-center\">R\u00e8glement Int\u00e9rieur<\/h1>\n\n\n\n<div data-wp-interactive=\"core\/file\" class=\"wp-block-file\"><object data-wp-bind--hidden=\"!state.hasPdfPreview\" hidden class=\"wp-block-file__embed\" data=\"https:\/\/leclosdelabergerie33.com\/wp-content\/uploads\/2024\/05\/Reglement-Interieur-Domaine-de-la-Bergerie.pdf\" type=\"application\/pdf\" style=\"width:100%;height:600px\" aria-label=\"Contenu embarqu\u00e9 Reglement-Interieur-Domaine-de-la-Bergerie.\"><\/object><a id=\"wp-block-file--media-525bcf8a-1ac4-49e3-8ea5-7a29fc4c9233\" href=\"https:\/\/leclosdelabergerie33.com\/wp-content\/uploads\/2024\/05\/Reglement-Interieur-Domaine-de-la-Bergerie.pdf\">Reglement-Interieur-Domaine-de-la-Bergerie<\/a><a href=\"https:\/\/leclosdelabergerie33.com\/wp-content\/uploads\/2024\/05\/Reglement-Interieur-Domaine-de-la-Bergerie.pdf\" class=\"wp-block-file__button wp-element-button\" download aria-describedby=\"wp-block-file--media-525bcf8a-1ac4-49e3-8ea5-7a29fc4c9233\">T\u00e9l\u00e9charger<\/a><\/div>\n","protected":false},"excerpt":{"rendered":"<p>SECTION EN COURS DE CONCEPTION &#8211; MERCI POUR VOTRE COMPR\u00c9HENSION R\u00e8glement Int\u00e9rieur<\/p>\n","protected":false},"author":1,"featured_media":0,"parent":0,"menu_order":0,"comment_status":"closed","ping_status":"closed","template":"","meta":{"ocean_post_layout":"","ocean_both_sidebars_style":"","ocean_both_sidebars_content_width":0,"ocean_both_sidebars_sidebars_width":0,"ocean_sidebar":"","ocean_second_sidebar":"","ocean_disable_margins":"enable","ocean_add_body_class":"","ocean_shortcode_before_top_bar":"","ocean_shortcode_after_top_bar":"","ocean_shortcode_before_header":"","ocean_shortcode_after_header":"","ocean_has_shortcode":"","ocean_shortcode_after_title":"","ocean_shortcode_before_footer_widgets":"","ocean_shortcode_after_footer_widgets":"","ocean_shortcode_before_footer_bottom":"","ocean_shortcode_after_footer_bottom":"","ocean_display_top_bar":"default","ocean_display_header":"default","ocean_header_style":"","ocean_center_header_left_menu":"","ocean_custom_header_template":"","ocean_custom_logo":0,"ocean_custom_retina_logo":0,"ocean_custom_logo_max_width":0,"ocean_custom_logo_tablet_max_width":0,"ocean_custom_logo_mobile_max_width":0,"ocean_custom_logo_max_height":0,"ocean_custom_logo_tablet_max_height":0,"ocean_custom_logo_mobile_max_height":0,"ocean_header_custom_menu":"","ocean_menu_typo_font_family":"","ocean_menu_typo_font_subset":"","ocean_menu_typo_font_size":0,"ocean_menu_typo_font_size_tablet":0,"ocean_menu_typo_font_size_mobile":0,"ocean_menu_typo_font_size_unit":"px","ocean_menu_typo_font_weight":"","ocean_menu_typo_font_weight_tablet":"","ocean_menu_typo_font_weight_mobile":"","ocean_menu_typo_transform":"","ocean_menu_typo_transform_tablet":"","ocean_menu_typo_transform_mobile":"","ocean_menu_typo_line_height":0,"ocean_menu_typo_line_height_tablet":0,"ocean_menu_typo_line_height_mobile":0,"ocean_menu_typo_line_height_unit":"","ocean_menu_typo_spacing":0,"ocean_menu_typo_spacing_tablet":0,"ocean_menu_typo_spacing_mobile":0,"ocean_menu_typo_spacing_unit":"","ocean_menu_link_color":"","ocean_menu_link_color_hover":"","ocean_menu_link_color_active":"","ocean_menu_link_background":"","ocean_menu_link_hover_background":"","ocean_menu_link_active_background":"","ocean_menu_social_links_bg":"","ocean_menu_social_hover_links_bg":"","ocean_menu_social_links_color":"","ocean_menu_social_hover_links_color":"","ocean_disable_title":"default","ocean_disable_heading":"default","ocean_post_title":"","ocean_post_subheading":"","ocean_post_title_style":"","ocean_post_title_background_color":"","ocean_post_title_background":0,"ocean_post_title_bg_image_position":"","ocean_post_title_bg_image_attachment":"","ocean_post_title_bg_image_repeat":"","ocean_post_title_bg_image_size":"","ocean_post_title_height":0,"ocean_post_title_bg_overlay":0.5,"ocean_post_title_bg_overlay_color":"","ocean_disable_breadcrumbs":"default","ocean_breadcrumbs_color":"","ocean_breadcrumbs_separator_color":"","ocean_breadcrumbs_links_color":"","ocean_breadcrumbs_links_hover_color":"","ocean_display_footer_widgets":"default","ocean_display_footer_bottom":"default","ocean_custom_footer_template":"","footnotes":""},"class_list":["post-903","page","type-page","status-publish","hentry","entry","owp-thumbs-layout-horizontal","owp-btn-normal","owp-tabs-layout-horizontal","has-no-thumbnails","has-product-nav"],"yoast_head":"<!-- This site is optimized with the Yoast SEO plugin v25.5 - https:\/\/yoast.com\/wordpress\/plugins\/seo\/ -->\n<title>Mentions L\u00e9gales - Domaine de la Bergerie<\/title>\n<meta name=\"robots\" content=\"index, follow, max-snippet:-1, max-image-preview:large, max-video-preview:-1\" \/>\n<link rel=\"canonical\" href=\"https:\/\/leclosdelabergerie33.com\/index.php\/mentions-legales\/\" \/>\n<meta property=\"og:locale\" content=\"fr_FR\" \/>\n<meta property=\"og:type\" content=\"article\" \/>\n<meta property=\"og:title\" content=\"Mentions L\u00e9gales - Domaine de la Bergerie\" \/>\n<meta property=\"og:description\" content=\"SECTION EN COURS DE CONCEPTION &#8211; MERCI POUR VOTRE COMPR\u00c9HENSION R\u00e8glement Int\u00e9rieur\" \/>\n<meta property=\"og:url\" content=\"https:\/\/leclosdelabergerie33.com\/index.php\/mentions-legales\/\" \/>\n<meta property=\"og:site_name\" content=\"Domaine de la Bergerie\" \/>\n<meta property=\"article:modified_time\" content=\"2024-05-28T10:31:50+00:00\" \/>\n<meta property=\"og:image\" content=\"http:\/\/leclosdelabergerie33.com\/wp-content\/uploads\/2024\/04\/Design-sans-titre-8-1024x172.png\" \/>\n<meta name=\"twitter:card\" content=\"summary_large_image\" \/>\n<meta name=\"twitter:label1\" content=\"Dur\u00e9e de lecture estim\u00e9e\" \/>\n\t<meta name=\"twitter:data1\" content=\"1 minute\" \/>\n<script type=\"application\/ld+json\" class=\"yoast-schema-graph\">{\"@context\":\"https:\/\/schema.org\",\"@graph\":[{\"@type\":\"WebPage\",\"@id\":\"https:\/\/leclosdelabergerie33.com\/index.php\/mentions-legales\/\",\"url\":\"https:\/\/leclosdelabergerie33.com\/index.php\/mentions-legales\/\",\"name\":\"Mentions L\u00e9gales - Domaine de la Bergerie\",\"isPartOf\":{\"@id\":\"https:\/\/leclosdelabergerie33.com\/#website\"},\"primaryImageOfPage\":{\"@id\":\"https:\/\/leclosdelabergerie33.com\/index.php\/mentions-legales\/#primaryimage\"},\"image\":{\"@id\":\"https:\/\/leclosdelabergerie33.com\/index.php\/mentions-legales\/#primaryimage\"},\"thumbnailUrl\":\"http:\/\/leclosdelabergerie33.com\/wp-content\/uploads\/2024\/04\/Design-sans-titre-8-1024x172.png\",\"datePublished\":\"2024-04-19T09:56:53+00:00\",\"dateModified\":\"2024-05-28T10:31:50+00:00\",\"breadcrumb\":{\"@id\":\"https:\/\/leclosdelabergerie33.com\/index.php\/mentions-legales\/#breadcrumb\"},\"inLanguage\":\"fr-FR\",\"potentialAction\":[{\"@type\":\"ReadAction\",\"target\":[\"https:\/\/leclosdelabergerie33.com\/index.php\/mentions-legales\/\"]}]},{\"@type\":\"ImageObject\",\"inLanguage\":\"fr-FR\",\"@id\":\"https:\/\/leclosdelabergerie33.com\/index.php\/mentions-legales\/#primaryimage\",\"url\":\"https:\/\/leclosdelabergerie33.com\/wp-content\/uploads\/2024\/04\/Design-sans-titre-8.png\",\"contentUrl\":\"https:\/\/leclosdelabergerie33.com\/wp-content\/uploads\/2024\/04\/Design-sans-titre-8.png\",\"width\":6912,\"height\":1160},{\"@type\":\"BreadcrumbList\",\"@id\":\"https:\/\/leclosdelabergerie33.com\/index.php\/mentions-legales\/#breadcrumb\",\"itemListElement\":[{\"@type\":\"ListItem\",\"position\":1,\"name\":\"Accueil\",\"item\":\"https:\/\/leclosdelabergerie33.com\/\"},{\"@type\":\"ListItem\",\"position\":2,\"name\":\"Mentions L\u00e9gales\"}]},{\"@type\":\"WebSite\",\"@id\":\"https:\/\/leclosdelabergerie33.com\/#website\",\"url\":\"https:\/\/leclosdelabergerie33.com\/\",\"name\":\"Domaine de la Bergerie\",\"description\":\"Le Clos dit Le Domaine de la Bergerie\",\"publisher\":{\"@id\":\"https:\/\/leclosdelabergerie33.com\/#organization\"},\"potentialAction\":[{\"@type\":\"SearchAction\",\"target\":{\"@type\":\"EntryPoint\",\"urlTemplate\":\"https:\/\/leclosdelabergerie33.com\/?s={search_term_string}\"},\"query-input\":{\"@type\":\"PropertyValueSpecification\",\"valueRequired\":true,\"valueName\":\"search_term_string\"}}],\"inLanguage\":\"fr-FR\"},{\"@type\":\"Organization\",\"@id\":\"https:\/\/leclosdelabergerie33.com\/#organization\",\"name\":\"Domaine de la Bergerie\",\"url\":\"https:\/\/leclosdelabergerie33.com\/\",\"logo\":{\"@type\":\"ImageObject\",\"inLanguage\":\"fr-FR\",\"@id\":\"https:\/\/leclosdelabergerie33.com\/#\/schema\/logo\/image\/\",\"url\":\"https:\/\/leclosdelabergerie33.com\/wp-content\/uploads\/2024\/04\/cropped-Logo-ecusson-a-superposer.png\",\"contentUrl\":\"https:\/\/leclosdelabergerie33.com\/wp-content\/uploads\/2024\/04\/cropped-Logo-ecusson-a-superposer.png\",\"width\":2967,\"height\":2967,\"caption\":\"Domaine de la Bergerie\"},\"image\":{\"@id\":\"https:\/\/leclosdelabergerie33.com\/#\/schema\/logo\/image\/\"}}]}<\/script>\n<!-- \/ Yoast SEO plugin. -->","yoast_head_json":{"title":"Mentions L\u00e9gales - Domaine de la Bergerie","robots":{"index":"index","follow":"follow","max-snippet":"max-snippet:-1","max-image-preview":"max-image-preview:large","max-video-preview":"max-video-preview:-1"},"canonical":"https:\/\/leclosdelabergerie33.com\/index.php\/mentions-legales\/","og_locale":"fr_FR","og_type":"article","og_title":"Mentions L\u00e9gales - Domaine de la Bergerie","og_description":"SECTION EN COURS DE CONCEPTION &#8211; MERCI POUR VOTRE COMPR\u00c9HENSION R\u00e8glement Int\u00e9rieur","og_url":"https:\/\/leclosdelabergerie33.com\/index.php\/mentions-legales\/","og_site_name":"Domaine de la Bergerie","article_modified_time":"2024-05-28T10:31:50+00:00","og_image":[{"url":"http:\/\/leclosdelabergerie33.com\/wp-content\/uploads\/2024\/04\/Design-sans-titre-8-1024x172.png","type":"","width":"","height":""}],"twitter_card":"summary_large_image","twitter_misc":{"Dur\u00e9e de lecture estim\u00e9e":"1 minute"},"schema":{"@context":"https:\/\/schema.org","@graph":[{"@type":"WebPage","@id":"https:\/\/leclosdelabergerie33.com\/index.php\/mentions-legales\/","url":"https:\/\/leclosdelabergerie33.com\/index.php\/mentions-legales\/","name":"Mentions L\u00e9gales - Domaine de la Bergerie","isPartOf":{"@id":"https:\/\/leclosdelabergerie33.com\/#website"},"primaryImageOfPage":{"@id":"https:\/\/leclosdelabergerie33.com\/index.php\/mentions-legales\/#primaryimage"},"image":{"@id":"https:\/\/leclosdelabergerie33.com\/index.php\/mentions-legales\/#primaryimage"},"thumbnailUrl":"http:\/\/leclosdelabergerie33.com\/wp-content\/uploads\/2024\/04\/Design-sans-titre-8-1024x172.png","datePublished":"2024-04-19T09:56:53+00:00","dateModified":"2024-05-28T10:31:50+00:00","breadcrumb":{"@id":"https:\/\/leclosdelabergerie33.com\/index.php\/mentions-legales\/#breadcrumb"},"inLanguage":"fr-FR","potentialAction":[{"@type":"ReadAction","target":["https:\/\/leclosdelabergerie33.com\/index.php\/mentions-legales\/"]}]},{"@type":"ImageObject","inLanguage":"fr-FR","@id":"https:\/\/leclosdelabergerie33.com\/index.php\/mentions-legales\/#primaryimage","url":"https:\/\/leclosdelabergerie33.com\/wp-content\/uploads\/2024\/04\/Design-sans-titre-8.png","contentUrl":"https:\/\/leclosdelabergerie33.com\/wp-content\/uploads\/2024\/04\/Design-sans-titre-8.png","width":6912,"height":1160},{"@type":"BreadcrumbList","@id":"https:\/\/leclosdelabergerie33.com\/index.php\/mentions-legales\/#breadcrumb","itemListElement":[{"@type":"ListItem","position":1,"name":"Accueil","item":"https:\/\/leclosdelabergerie33.com\/"},{"@type":"ListItem","position":2,"name":"Mentions L\u00e9gales"}]},{"@type":"WebSite","@id":"https:\/\/leclosdelabergerie33.com\/#website","url":"https:\/\/leclosdelabergerie33.com\/","name":"Domaine de la Bergerie","description":"Le Clos dit Le Domaine de la Bergerie","publisher":{"@id":"https:\/\/leclosdelabergerie33.com\/#organization"},"potentialAction":[{"@type":"SearchAction","target":{"@type":"EntryPoint","urlTemplate":"https:\/\/leclosdelabergerie33.com\/?s={search_term_string}"},"query-input":{"@type":"PropertyValueSpecification","valueRequired":true,"valueName":"search_term_string"}}],"inLanguage":"fr-FR"},{"@type":"Organization","@id":"https:\/\/leclosdelabergerie33.com\/#organization","name":"Domaine de la Bergerie","url":"https:\/\/leclosdelabergerie33.com\/","logo":{"@type":"ImageObject","inLanguage":"fr-FR","@id":"https:\/\/leclosdelabergerie33.com\/#\/schema\/logo\/image\/","url":"https:\/\/leclosdelabergerie33.com\/wp-content\/uploads\/2024\/04\/cropped-Logo-ecusson-a-superposer.png","contentUrl":"https:\/\/leclosdelabergerie33.com\/wp-content\/uploads\/2024\/04\/cropped-Logo-ecusson-a-superposer.png","width":2967,"height":2967,"caption":"Domaine de la Bergerie"},"image":{"@id":"https:\/\/leclosdelabergerie33.com\/#\/schema\/logo\/image\/"}}]}},"_links":{"self":[{"href":"https:\/\/leclosdelabergerie33.com\/index.php\/wp-json\/wp\/v2\/pages\/903","targetHints":{"allow":["GET"]}}],"collection":[{"href":"https:\/\/leclosdelabergerie33.com\/index.php\/wp-json\/wp\/v2\/pages"}],"about":[{"href":"https:\/\/leclosdelabergerie33.com\/index.php\/wp-json\/wp\/v2\/types\/page"}],"author":[{"embeddable":true,"href":"https:\/\/leclosdelabergerie33.com\/index.php\/wp-json\/wp\/v2\/users\/1"}],"replies":[{"embeddable":true,"href":"https:\/\/leclosdelabergerie33.com\/index.php\/wp-json\/wp\/v2\/comments?post=903"}],"version-history":[{"count":15,"href":"https:\/\/leclosdelabergerie33.com\/index.php\/wp-json\/wp\/v2\/pages\/903\/revisions"}],"predecessor-version":[{"id":1328,"href":"https:\/\/leclosdelabergerie33.com\/index.php\/wp-json\/wp\/v2\/pages\/903\/revisions\/1328"}],"wp:attachment":[{"href":"https:\/\/leclosdelabergerie33.com\/index.php\/wp-json\/wp\/v2\/media?parent=903"}],"curies":[{"name":"wp","href":"https:\/\/api.w.org\/{rel}","templated":true}]}}