{"id":861,"date":"2024-04-19T10:29:21","date_gmt":"2024-04-19T08:29:21","guid":{"rendered":"https:\/\/leclosdelabergerie33.com\/?page_id=861"},"modified":"2025-06-24T17:31:20","modified_gmt":"2025-06-24T15:31:20","slug":"receptions-evenements","status":"publish","type":"page","link":"https:\/\/leclosdelabergerie33.com\/index.php\/receptions-evenements\/","title":{"rendered":"R\u00e9ceptions &#038; \u00c9v\u00e9nements"},"content":{"rendered":"\n<h1 class=\"wp-block-heading has-text-align-center\">R\u00e9ceptions &amp; \u00c9v\u00e9nements<\/h1>\n\n\n\n<div style=\"height:50px\" aria-hidden=\"true\" class=\"wp-block-spacer\"><\/div>\n\n\n\n<h2 class=\"wp-block-heading has-text-align-center\" style=\"font-size:30px\"><strong>Un cadre authentique pour vos plus beaux moments<\/strong><\/h2>\n\n\n\n<div style=\"height:50px\" aria-hidden=\"true\" class=\"wp-block-spacer\"><\/div>\n\n\n\n<h3 class=\"wp-block-heading\"><strong>C\u00e9l\u00e9brez l\u2019exception au Domaine de la Bergerie<\/strong><\/h3>\n\n\n\n<p>Nich\u00e9e au c\u0153ur de la campagne girondine, notre propri\u00e9t\u00e9 familiale vous accueille pour tous vos \u00e9v\u00e9nements priv\u00e9s ou professionnels dans un <strong>cadre naturel, calme et chaleureux<\/strong>.<br>Mariages, anniversaires, cousinades, s\u00e9minaires ou retraites : ici, chaque c\u00e9l\u00e9bration prend une dimension unique, au rythme de la nature et de la convivialit\u00e9.<\/p>\n\n\n\n<div style=\"height:50px\" aria-hidden=\"true\" class=\"wp-block-spacer\"><\/div>\n\n\n<div class=\"wp-block-image\">\n<figure class=\"aligncenter size-large is-resized\"><img loading=\"lazy\" decoding=\"async\" width=\"1024\" height=\"683\" src=\"https:\/\/leclosdelabergerie33.com\/wp-content\/uploads\/2025\/06\/Reception-1024x683.png\" alt=\"R\u00e9ception\" class=\"wp-image-1779\" style=\"width:702px;height:auto\" srcset=\"https:\/\/leclosdelabergerie33.com\/wp-content\/uploads\/2025\/06\/Reception-1024x683.png 1024w, https:\/\/leclosdelabergerie33.com\/wp-content\/uploads\/2025\/06\/Reception-300x200.png 300w, https:\/\/leclosdelabergerie33.com\/wp-content\/uploads\/2025\/06\/Reception-768x512.png 768w, https:\/\/leclosdelabergerie33.com\/wp-content\/uploads\/2025\/06\/Reception-1536x1024.png 1536w, https:\/\/leclosdelabergerie33.com\/wp-content\/uploads\/2025\/06\/Reception-2048x1365.png 2048w\" sizes=\"auto, (max-width: 1024px) 100vw, 1024px\" \/><\/figure><\/div>\n\n\n<div style=\"height:50px\" aria-hidden=\"true\" class=\"wp-block-spacer\"><\/div>\n\n\n\n<h3 class=\"wp-block-heading has-text-align-center has-medium-font-size\"><strong>Un espace de r\u00e9ception tout \u00e9quip\u00e9<\/strong><\/h3>\n\n\n\n<div style=\"height:25px\" aria-hidden=\"true\" class=\"wp-block-spacer\"><\/div>\n\n\n\n<p class=\"has-text-align-left\"><strong>\u2714\ufe0f Salle de r\u00e9ception couverte<\/strong><\/p>\n\n\n\n<p>Spacieuse, lumineuse, fra\u00eechement am\u00e9nag\u00e9e, id\u00e9ale pour accueillir jusqu\u2019\u00e0 <strong>80 convives<\/strong>.<\/p>\n\n\n\n<div style=\"height:50px\" aria-hidden=\"true\" class=\"wp-block-spacer\"><\/div>\n\n\n\n<p><strong>\u2714\ufe0f Terrasse de r\u00e9ception ext\u00e9rieure face \u00e0 la piscine<\/strong><\/p>\n\n\n\n<p>Un espace charmant et ouvert sur le paysage.<\/p>\n\n\n\n<div style=\"height:50px\" aria-hidden=\"true\" class=\"wp-block-spacer\"><\/div>\n\n\n\n<h3 class=\"wp-block-heading has-text-align-center has-medium-font-size\"><strong>Tout un domaine \u00e0 votre disposition<\/strong><\/h3>\n\n\n\n<div style=\"height:25px\" aria-hidden=\"true\" class=\"wp-block-spacer\"><\/div>\n\n\n\n<p><strong>Possibilit\u00e9 de personnaliser notre Pack \u00c9v\u00e9nementiel :<\/strong><\/p>\n\n\n\n<ul class=\"wp-block-list\">\n<li> Salle de r\u00e9ception couverte<\/li>\n\n\n\n<li> Terrasse ext\u00e9rieure avec vue sur la piscine<\/li>\n\n\n\n<li> Acc\u00e8s libre au domaine : prairies, \u00e9tang, animaux (chevaux, alpagas, oies\u2026), piscine<\/li>\n\n\n\n<li> H\u00e9bergement sur place : G\u00eete, Auberge Girondine &amp; Suite<\/li>\n\n\n\n<li> Cuisine \u00e9quip\u00e9e<\/li>\n\n\n\n<li>Parking privatif<\/li>\n\n\n\n<li>Aucune nuisance sonore, pas de voisinage imm\u00e9diat<\/li>\n<\/ul>\n\n\n\n<div style=\"height:50px\" aria-hidden=\"true\" class=\"wp-block-spacer\"><\/div>\n\n\n\n<h3 class=\"wp-block-heading has-text-align-center has-medium-font-size\"><strong>Vos \u00e9v\u00e9nements, sur mesure<\/strong><\/h3>\n\n\n\n<div style=\"height:25px\" aria-hidden=\"true\" class=\"wp-block-spacer\"><\/div>\n\n\n\n<div class=\"wp-block-columns are-vertically-aligned-center is-layout-flex wp-container-core-columns-is-layout-9d6595d7 wp-block-columns-is-layout-flex\">\n<div class=\"wp-block-column is-vertically-aligned-center is-layout-flow wp-block-column-is-layout-flow\" style=\"flex-basis:66.66%\">\n<p class=\"has-text-align-center\" style=\"font-style:italic;font-weight:800\"><strong>Nous accueillons :<\/strong><\/p>\n\n\n\n<div style=\"height:25px\" aria-hidden=\"true\" class=\"wp-block-spacer\"><\/div>\n\n\n\n<p class=\"has-text-align-center\">\ud83d\udc8d <strong>Mariages<\/strong> intimes, boh\u00e8mes, champ\u00eatres<\/p>\n\n\n\n<p class=\"has-text-align-center\">\ud83c\udf82 <strong>Anniversaires, bapt\u00eames, cousinades<\/strong><\/p>\n\n\n\n<p class=\"has-text-align-center\">\ud83d\udcbc <strong>S\u00e9minaires, journ\u00e9es d\u2019entreprise, retraites bien-\u00eatre<\/strong><\/p>\n\n\n\n<p class=\"has-text-align-center\">\ud83c\udfa8 <strong>Formations, stages, ateliers, expositions<\/strong><\/p>\n<\/div>\n\n\n\n<div class=\"wp-block-column is-vertically-aligned-center is-layout-flow wp-block-column-is-layout-flow\" style=\"flex-basis:33.33%\"><div class=\"wp-block-image\">\n<figure class=\"aligncenter size-large\"><img loading=\"lazy\" decoding=\"async\" width=\"1024\" height=\"768\" src=\"http:\/\/leclosdelabergerie33.com\/wp-content\/uploads\/2024\/04\/IMG-20220703-WA0017-1024x768.jpg\" alt=\"\" class=\"wp-image-848\" srcset=\"https:\/\/leclosdelabergerie33.com\/wp-content\/uploads\/2024\/04\/IMG-20220703-WA0017-1024x768.jpg 1024w, https:\/\/leclosdelabergerie33.com\/wp-content\/uploads\/2024\/04\/IMG-20220703-WA0017-300x225.jpg 300w, https:\/\/leclosdelabergerie33.com\/wp-content\/uploads\/2024\/04\/IMG-20220703-WA0017-768x576.jpg 768w, https:\/\/leclosdelabergerie33.com\/wp-content\/uploads\/2024\/04\/IMG-20220703-WA0017-1536x1152.jpg 1536w, https:\/\/leclosdelabergerie33.com\/wp-content\/uploads\/2024\/04\/IMG-20220703-WA0017.jpg 1600w\" sizes=\"auto, (max-width: 1024px) 100vw, 1024px\" \/><\/figure><\/div><\/div>\n<\/div>\n\n\n\n<div style=\"height:50px\" aria-hidden=\"true\" class=\"wp-block-spacer\"><\/div>\n\n\n\n<h3 class=\"wp-block-heading has-text-align-center has-medium-font-size\"><strong>H\u00e9bergements sur place<\/strong><\/h3>\n\n\n\n<div style=\"height:25px\" aria-hidden=\"true\" class=\"wp-block-spacer\"><\/div>\n\n\n\n<p>Capacit\u00e9 totale : \u00e0 partir <strong>12 personnes<\/strong>, avec possibilit\u00e9s d\u2019ajouter divers couchages.<\/p>\n\n\n\n<ul class=\"wp-block-list\">\n<li><strong>Le G\u00eete<\/strong> (4 \u00e0 6 personnes)<\/li>\n\n\n\n<li><strong>L\u2019Auberge Girondine<\/strong> : 2 chambres d\u2019h\u00f4tes avec parties communes (s\u00e9jour, cuisine, terrasse, salle de bain double douche, WC)<\/li>\n\n\n\n<li><strong>La Suite<\/strong> : chambre avec salon et terrasse vue piscine (jusqu\u2019\u00e0 4 adultes et 1 enfant)<\/li>\n<\/ul>\n\n\n\n<p>Id\u00e9al pour loger les organisateurs, les mari\u00e9s ou les invit\u00e9s de passage.<\/p>\n\n\n\n<div style=\"height:50px\" aria-hidden=\"true\" class=\"wp-block-spacer\"><\/div>\n\n\n\n<h3 class=\"wp-block-heading has-text-align-center has-medium-font-size\"><strong>Des options personnalisables <em>(sur devis)<\/em><\/strong><\/h3>\n\n\n\n<div style=\"height:25px\" aria-hidden=\"true\" class=\"wp-block-spacer\"><\/div>\n\n\n\n<p>Vous souhaitez une formule cl\u00e9 en main ? Nous pouvons vous recommander ou organiser :<\/p>\n\n\n\n<p>\u2022 Traiteur, food truck, brunch du lendemain<br>\u2022 D\u00e9coration florale ou sc\u00e9nographie compl\u00e8te<br>\u2022 Officiant.e pour votre c\u00e9r\u00e9monie la\u00efque<br>\u2022 Ateliers bien-\u00eatre (yoga, sophrologie, massage)<br>\u2022 Coordination ou assistance sur place le jour J<\/p>\n\n\n\n<div style=\"height:50px\" aria-hidden=\"true\" class=\"wp-block-spacer\"><\/div>\n\n\n\n<h3 class=\"wp-block-heading has-text-align-center\"><strong>Demandez un devis personnalis\u00e9<\/strong><\/h3>\n\n\n\n<div style=\"height:25px\" aria-hidden=\"true\" class=\"wp-block-spacer\"><\/div>\n\n\n\n<p>Vous avez un projet d\u2019\u00e9v\u00e9nement au Domaine de la Bergerie ?<br>Nous vous accompagnons avec attention pour cr\u00e9er une exp\u00e9rience \u00e0 votre image.<\/p>\n\n\n\n<div style=\"height:50px\" aria-hidden=\"true\" class=\"wp-block-spacer\"><\/div>\n\n\n\n<div class=\"wp-block-buttons is-content-justification-center is-layout-flex wp-container-core-buttons-is-layout-16018d1d wp-block-buttons-is-layout-flex\">\n<div class=\"wp-block-button\"><a class=\"wp-block-button__link wp-element-button\" href=\"https:\/\/leclosdelabergerie33.com\/index.php\/nous-contacter\/\">Demander un devis<\/a><\/div>\n<\/div>\n","protected":false},"excerpt":{"rendered":"<p>R\u00e9ceptions &amp; \u00c9v\u00e9nements Un cadre authentique pour vos plus beaux moments C\u00e9l\u00e9brez l\u2019exception au Domaine de la Bergerie Nich\u00e9e au c\u0153ur de la campagne girondine, notre propri\u00e9t\u00e9 familiale vous accueille pour tous vos \u00e9v\u00e9nements priv\u00e9s ou professionnels dans un cadre naturel, calme et chaleureux.Mariages, anniversaires, cousinades, s\u00e9minaires ou retraites : ici, chaque c\u00e9l\u00e9bration prend une [&hellip;]<\/p>\n","protected":false},"author":1,"featured_media":1779,"parent":0,"menu_order":0,"comment_status":"closed","ping_status":"closed","template":"","meta":{"ocean_post_layout":"","ocean_both_sidebars_style":"","ocean_both_sidebars_content_width":0,"ocean_both_sidebars_sidebars_width":0,"ocean_sidebar":"","ocean_second_sidebar":"","ocean_disable_margins":"enable","ocean_add_body_class":"","ocean_shortcode_before_top_bar":"","ocean_shortcode_after_top_bar":"","ocean_shortcode_before_header":"","ocean_shortcode_after_header":"","ocean_has_shortcode":"","ocean_shortcode_after_title":"","ocean_shortcode_before_footer_widgets":"","ocean_shortcode_after_footer_widgets":"","ocean_shortcode_before_footer_bottom":"","ocean_shortcode_after_footer_bottom":"","ocean_display_top_bar":"default","ocean_display_header":"default","ocean_header_style":"","ocean_center_header_left_menu":"","ocean_custom_header_template":"","ocean_custom_logo":0,"ocean_custom_retina_logo":0,"ocean_custom_logo_max_width":0,"ocean_custom_logo_tablet_max_width":0,"ocean_custom_logo_mobile_max_width":0,"ocean_custom_logo_max_height":0,"ocean_custom_logo_tablet_max_height":0,"ocean_custom_logo_mobile_max_height":0,"ocean_header_custom_menu":"","ocean_menu_typo_font_family":"","ocean_menu_typo_font_subset":"","ocean_menu_typo_font_size":0,"ocean_menu_typo_font_size_tablet":0,"ocean_menu_typo_font_size_mobile":0,"ocean_menu_typo_font_size_unit":"px","ocean_menu_typo_font_weight":"","ocean_menu_typo_font_weight_tablet":"","ocean_menu_typo_font_weight_mobile":"","ocean_menu_typo_transform":"","ocean_menu_typo_transform_tablet":"","ocean_menu_typo_transform_mobile":"","ocean_menu_typo_line_height":0,"ocean_menu_typo_line_height_tablet":0,"ocean_menu_typo_line_height_mobile":0,"ocean_menu_typo_line_height_unit":"","ocean_menu_typo_spacing":0,"ocean_menu_typo_spacing_tablet":0,"ocean_menu_typo_spacing_mobile":0,"ocean_menu_typo_spacing_unit":"","ocean_menu_link_color":"","ocean_menu_link_color_hover":"","ocean_menu_link_color_active":"","ocean_menu_link_background":"","ocean_menu_link_hover_background":"","ocean_menu_link_active_background":"","ocean_menu_social_links_bg":"","ocean_menu_social_hover_links_bg":"","ocean_menu_social_links_color":"","ocean_menu_social_hover_links_color":"","ocean_disable_title":"default","ocean_disable_heading":"default","ocean_post_title":"","ocean_post_subheading":"","ocean_post_title_style":"","ocean_post_title_background_color":"","ocean_post_title_background":0,"ocean_post_title_bg_image_position":"","ocean_post_title_bg_image_attachment":"","ocean_post_title_bg_image_repeat":"","ocean_post_title_bg_image_size":"","ocean_post_title_height":0,"ocean_post_title_bg_overlay":0.5,"ocean_post_title_bg_overlay_color":"","ocean_disable_breadcrumbs":"default","ocean_breadcrumbs_color":"","ocean_breadcrumbs_separator_color":"","ocean_breadcrumbs_links_color":"","ocean_breadcrumbs_links_hover_color":"","ocean_display_footer_widgets":"default","ocean_display_footer_bottom":"default","ocean_custom_footer_template":"","footnotes":""},"class_list":["post-861","page","type-page","status-publish","has-post-thumbnail","hentry","entry","has-media","owp-thumbs-layout-horizontal","owp-btn-normal","owp-tabs-layout-horizontal","has-no-thumbnails","has-product-nav"],"yoast_head":"<!-- This site is optimized with the Yoast SEO plugin v25.5 - https:\/\/yoast.com\/wordpress\/plugins\/seo\/ -->\n<title>R\u00e9ceptions &amp; \u00c9v\u00e9nements - Domaine de la Bergerie<\/title>\n<meta name=\"robots\" content=\"index, follow, max-snippet:-1, max-image-preview:large, max-video-preview:-1\" \/>\n<link rel=\"canonical\" href=\"https:\/\/leclosdelabergerie33.com\/index.php\/receptions-evenements\/\" \/>\n<meta property=\"og:locale\" content=\"fr_FR\" \/>\n<meta property=\"og:type\" content=\"article\" \/>\n<meta property=\"og:title\" content=\"R\u00e9ceptions &amp; \u00c9v\u00e9nements - Domaine de la Bergerie\" \/>\n<meta property=\"og:description\" content=\"R\u00e9ceptions &amp; \u00c9v\u00e9nements Un cadre authentique pour vos plus beaux moments C\u00e9l\u00e9brez l\u2019exception au Domaine de la Bergerie Nich\u00e9e au c\u0153ur de la campagne girondine, notre propri\u00e9t\u00e9 familiale vous accueille pour tous vos \u00e9v\u00e9nements priv\u00e9s ou professionnels dans un cadre naturel, calme et chaleureux.Mariages, anniversaires, cousinades, s\u00e9minaires ou retraites : ici, chaque c\u00e9l\u00e9bration prend une [&hellip;]\" \/>\n<meta property=\"og:url\" content=\"https:\/\/leclosdelabergerie33.com\/index.php\/receptions-evenements\/\" \/>\n<meta property=\"og:site_name\" content=\"Domaine de la Bergerie\" \/>\n<meta property=\"article:modified_time\" content=\"2025-06-24T15:31:20+00:00\" \/>\n<meta property=\"og:image\" content=\"http:\/\/leclosdelabergerie33.com\/wp-content\/uploads\/2025\/06\/Reception-1024x683.png\" \/>\n\t<meta property=\"og:image:width\" content=\"1024\" \/>\n\t<meta property=\"og:image:height\" content=\"683\" \/>\n\t<meta property=\"og:image:type\" content=\"image\/png\" \/>\n<meta name=\"twitter:card\" content=\"summary_large_image\" \/>\n<meta name=\"twitter:label1\" content=\"Dur\u00e9e de lecture estim\u00e9e\" \/>\n\t<meta name=\"twitter:data1\" content=\"3 minutes\" \/>\n<script type=\"application\/ld+json\" class=\"yoast-schema-graph\">{\"@context\":\"https:\/\/schema.org\",\"@graph\":[{\"@type\":\"WebPage\",\"@id\":\"https:\/\/leclosdelabergerie33.com\/index.php\/receptions-evenements\/\",\"url\":\"https:\/\/leclosdelabergerie33.com\/index.php\/receptions-evenements\/\",\"name\":\"R\u00e9ceptions & \u00c9v\u00e9nements - Domaine de la Bergerie\",\"isPartOf\":{\"@id\":\"https:\/\/leclosdelabergerie33.com\/#website\"},\"primaryImageOfPage\":{\"@id\":\"https:\/\/leclosdelabergerie33.com\/index.php\/receptions-evenements\/#primaryimage\"},\"image\":{\"@id\":\"https:\/\/leclosdelabergerie33.com\/index.php\/receptions-evenements\/#primaryimage\"},\"thumbnailUrl\":\"https:\/\/leclosdelabergerie33.com\/wp-content\/uploads\/2025\/06\/Reception.png\",\"datePublished\":\"2024-04-19T08:29:21+00:00\",\"dateModified\":\"2025-06-24T15:31:20+00:00\",\"breadcrumb\":{\"@id\":\"https:\/\/leclosdelabergerie33.com\/index.php\/receptions-evenements\/#breadcrumb\"},\"inLanguage\":\"fr-FR\",\"potentialAction\":[{\"@type\":\"ReadAction\",\"target\":[\"https:\/\/leclosdelabergerie33.com\/index.php\/receptions-evenements\/\"]}]},{\"@type\":\"ImageObject\",\"inLanguage\":\"fr-FR\",\"@id\":\"https:\/\/leclosdelabergerie33.com\/index.php\/receptions-evenements\/#primaryimage\",\"url\":\"https:\/\/leclosdelabergerie33.com\/wp-content\/uploads\/2025\/06\/Reception.png\",\"contentUrl\":\"https:\/\/leclosdelabergerie33.com\/wp-content\/uploads\/2025\/06\/Reception.png\",\"width\":2394,\"height\":1596,\"caption\":\"R\u00e9ception\"},{\"@type\":\"BreadcrumbList\",\"@id\":\"https:\/\/leclosdelabergerie33.com\/index.php\/receptions-evenements\/#breadcrumb\",\"itemListElement\":[{\"@type\":\"ListItem\",\"position\":1,\"name\":\"Accueil\",\"item\":\"https:\/\/leclosdelabergerie33.com\/\"},{\"@type\":\"ListItem\",\"position\":2,\"name\":\"R\u00e9ceptions &#038; \u00c9v\u00e9nements\"}]},{\"@type\":\"WebSite\",\"@id\":\"https:\/\/leclosdelabergerie33.com\/#website\",\"url\":\"https:\/\/leclosdelabergerie33.com\/\",\"name\":\"Domaine de la Bergerie\",\"description\":\"Le Clos dit Le Domaine de la Bergerie\",\"publisher\":{\"@id\":\"https:\/\/leclosdelabergerie33.com\/#organization\"},\"potentialAction\":[{\"@type\":\"SearchAction\",\"target\":{\"@type\":\"EntryPoint\",\"urlTemplate\":\"https:\/\/leclosdelabergerie33.com\/?s={search_term_string}\"},\"query-input\":{\"@type\":\"PropertyValueSpecification\",\"valueRequired\":true,\"valueName\":\"search_term_string\"}}],\"inLanguage\":\"fr-FR\"},{\"@type\":\"Organization\",\"@id\":\"https:\/\/leclosdelabergerie33.com\/#organization\",\"name\":\"Domaine de la Bergerie\",\"url\":\"https:\/\/leclosdelabergerie33.com\/\",\"logo\":{\"@type\":\"ImageObject\",\"inLanguage\":\"fr-FR\",\"@id\":\"https:\/\/leclosdelabergerie33.com\/#\/schema\/logo\/image\/\",\"url\":\"https:\/\/leclosdelabergerie33.com\/wp-content\/uploads\/2024\/04\/cropped-Logo-ecusson-a-superposer.png\",\"contentUrl\":\"https:\/\/leclosdelabergerie33.com\/wp-content\/uploads\/2024\/04\/cropped-Logo-ecusson-a-superposer.png\",\"width\":2967,\"height\":2967,\"caption\":\"Domaine de la Bergerie\"},\"image\":{\"@id\":\"https:\/\/leclosdelabergerie33.com\/#\/schema\/logo\/image\/\"}}]}<\/script>\n<!-- \/ Yoast SEO plugin. -->","yoast_head_json":{"title":"R\u00e9ceptions & \u00c9v\u00e9nements - Domaine de la Bergerie","robots":{"index":"index","follow":"follow","max-snippet":"max-snippet:-1","max-image-preview":"max-image-preview:large","max-video-preview":"max-video-preview:-1"},"canonical":"https:\/\/leclosdelabergerie33.com\/index.php\/receptions-evenements\/","og_locale":"fr_FR","og_type":"article","og_title":"R\u00e9ceptions & \u00c9v\u00e9nements - Domaine de la Bergerie","og_description":"R\u00e9ceptions &amp; \u00c9v\u00e9nements Un cadre authentique pour vos plus beaux moments C\u00e9l\u00e9brez l\u2019exception au Domaine de la Bergerie Nich\u00e9e au c\u0153ur de la campagne girondine, notre propri\u00e9t\u00e9 familiale vous accueille pour tous vos \u00e9v\u00e9nements priv\u00e9s ou professionnels dans un cadre naturel, calme et chaleureux.Mariages, anniversaires, cousinades, s\u00e9minaires ou retraites : ici, chaque c\u00e9l\u00e9bration prend une [&hellip;]","og_url":"https:\/\/leclosdelabergerie33.com\/index.php\/receptions-evenements\/","og_site_name":"Domaine de la Bergerie","article_modified_time":"2025-06-24T15:31:20+00:00","og_image":[{"width":1024,"height":683,"url":"http:\/\/leclosdelabergerie33.com\/wp-content\/uploads\/2025\/06\/Reception-1024x683.png","type":"image\/png"}],"twitter_card":"summary_large_image","twitter_misc":{"Dur\u00e9e de lecture estim\u00e9e":"3 minutes"},"schema":{"@context":"https:\/\/schema.org","@graph":[{"@type":"WebPage","@id":"https:\/\/leclosdelabergerie33.com\/index.php\/receptions-evenements\/","url":"https:\/\/leclosdelabergerie33.com\/index.php\/receptions-evenements\/","name":"R\u00e9ceptions & \u00c9v\u00e9nements - Domaine de la Bergerie","isPartOf":{"@id":"https:\/\/leclosdelabergerie33.com\/#website"},"primaryImageOfPage":{"@id":"https:\/\/leclosdelabergerie33.com\/index.php\/receptions-evenements\/#primaryimage"},"image":{"@id":"https:\/\/leclosdelabergerie33.com\/index.php\/receptions-evenements\/#primaryimage"},"thumbnailUrl":"https:\/\/leclosdelabergerie33.com\/wp-content\/uploads\/2025\/06\/Reception.png","datePublished":"2024-04-19T08:29:21+00:00","dateModified":"2025-06-24T15:31:20+00:00","breadcrumb":{"@id":"https:\/\/leclosdelabergerie33.com\/index.php\/receptions-evenements\/#breadcrumb"},"inLanguage":"fr-FR","potentialAction":[{"@type":"ReadAction","target":["https:\/\/leclosdelabergerie33.com\/index.php\/receptions-evenements\/"]}]},{"@type":"ImageObject","inLanguage":"fr-FR","@id":"https:\/\/leclosdelabergerie33.com\/index.php\/receptions-evenements\/#primaryimage","url":"https:\/\/leclosdelabergerie33.com\/wp-content\/uploads\/2025\/06\/Reception.png","contentUrl":"https:\/\/leclosdelabergerie33.com\/wp-content\/uploads\/2025\/06\/Reception.png","width":2394,"height":1596,"caption":"R\u00e9ception"},{"@type":"BreadcrumbList","@id":"https:\/\/leclosdelabergerie33.com\/index.php\/receptions-evenements\/#breadcrumb","itemListElement":[{"@type":"ListItem","position":1,"name":"Accueil","item":"https:\/\/leclosdelabergerie33.com\/"},{"@type":"ListItem","position":2,"name":"R\u00e9ceptions &#038; \u00c9v\u00e9nements"}]},{"@type":"WebSite","@id":"https:\/\/leclosdelabergerie33.com\/#website","url":"https:\/\/leclosdelabergerie33.com\/","name":"Domaine de la Bergerie","description":"Le Clos dit Le Domaine de la Bergerie","publisher":{"@id":"https:\/\/leclosdelabergerie33.com\/#organization"},"potentialAction":[{"@type":"SearchAction","target":{"@type":"EntryPoint","urlTemplate":"https:\/\/leclosdelabergerie33.com\/?s={search_term_string}"},"query-input":{"@type":"PropertyValueSpecification","valueRequired":true,"valueName":"search_term_string"}}],"inLanguage":"fr-FR"},{"@type":"Organization","@id":"https:\/\/leclosdelabergerie33.com\/#organization","name":"Domaine de la Bergerie","url":"https:\/\/leclosdelabergerie33.com\/","logo":{"@type":"ImageObject","inLanguage":"fr-FR","@id":"https:\/\/leclosdelabergerie33.com\/#\/schema\/logo\/image\/","url":"https:\/\/leclosdelabergerie33.com\/wp-content\/uploads\/2024\/04\/cropped-Logo-ecusson-a-superposer.png","contentUrl":"https:\/\/leclosdelabergerie33.com\/wp-content\/uploads\/2024\/04\/cropped-Logo-ecusson-a-superposer.png","width":2967,"height":2967,"caption":"Domaine de la Bergerie"},"image":{"@id":"https:\/\/leclosdelabergerie33.com\/#\/schema\/logo\/image\/"}}]}},"_links":{"self":[{"href":"https:\/\/leclosdelabergerie33.com\/index.php\/wp-json\/wp\/v2\/pages\/861","targetHints":{"allow":["GET"]}}],"collection":[{"href":"https:\/\/leclosdelabergerie33.com\/index.php\/wp-json\/wp\/v2\/pages"}],"about":[{"href":"https:\/\/leclosdelabergerie33.com\/index.php\/wp-json\/wp\/v2\/types\/page"}],"author":[{"embeddable":true,"href":"https:\/\/leclosdelabergerie33.com\/index.php\/wp-json\/wp\/v2\/users\/1"}],"replies":[{"embeddable":true,"href":"https:\/\/leclosdelabergerie33.com\/index.php\/wp-json\/wp\/v2\/comments?post=861"}],"version-history":[{"count":8,"href":"https:\/\/leclosdelabergerie33.com\/index.php\/wp-json\/wp\/v2\/pages\/861\/revisions"}],"predecessor-version":[{"id":1784,"href":"https:\/\/leclosdelabergerie33.com\/index.php\/wp-json\/wp\/v2\/pages\/861\/revisions\/1784"}],"wp:featuredmedia":[{"embeddable":true,"href":"https:\/\/leclosdelabergerie33.com\/index.php\/wp-json\/wp\/v2\/media\/1779"}],"wp:attachment":[{"href":"https:\/\/leclosdelabergerie33.com\/index.php\/wp-json\/wp\/v2\/media?parent=861"}],"curies":[{"name":"wp","href":"https:\/\/api.w.org\/{rel}","templated":true}]}}