{"id":438,"date":"2024-02-28T18:49:41","date_gmt":"2024-02-28T17:49:41","guid":{"rendered":"https:\/\/leclosdelabergerie33.com\/?page_id=438"},"modified":"2024-04-19T09:49:14","modified_gmt":"2024-04-19T07:49:14","slug":"decouvrir-la-gironde","status":"publish","type":"page","link":"https:\/\/leclosdelabergerie33.com\/index.php\/decouvrir-la-gironde\/","title":{"rendered":"D\u00e9couvrir la Gironde"},"content":{"rendered":"\n<h1 class=\"wp-block-heading has-text-align-center\">Le Tourisme autour de P\u00e9rissac<\/h1>\n\n\n\n<figure class=\"wp-block-image size-large\"><img loading=\"lazy\" decoding=\"async\" width=\"1024\" height=\"576\" src=\"https:\/\/leclosdelabergerie33.com\/wp-content\/uploads\/2024\/04\/Beige-Brown-Realistic-Inspiration-Moodboard-Lifestyle-Photo-Collage-Desktop-Wallpaper-1-1024x576.png\" alt=\"\" class=\"wp-image-632\" srcset=\"https:\/\/leclosdelabergerie33.com\/wp-content\/uploads\/2024\/04\/Beige-Brown-Realistic-Inspiration-Moodboard-Lifestyle-Photo-Collage-Desktop-Wallpaper-1-1024x576.png 1024w, https:\/\/leclosdelabergerie33.com\/wp-content\/uploads\/2024\/04\/Beige-Brown-Realistic-Inspiration-Moodboard-Lifestyle-Photo-Collage-Desktop-Wallpaper-1-300x169.png 300w, https:\/\/leclosdelabergerie33.com\/wp-content\/uploads\/2024\/04\/Beige-Brown-Realistic-Inspiration-Moodboard-Lifestyle-Photo-Collage-Desktop-Wallpaper-1-768x432.png 768w, https:\/\/leclosdelabergerie33.com\/wp-content\/uploads\/2024\/04\/Beige-Brown-Realistic-Inspiration-Moodboard-Lifestyle-Photo-Collage-Desktop-Wallpaper-1-1536x864.png 1536w, https:\/\/leclosdelabergerie33.com\/wp-content\/uploads\/2024\/04\/Beige-Brown-Realistic-Inspiration-Moodboard-Lifestyle-Photo-Collage-Desktop-Wallpaper-1-800x450.png 800w, https:\/\/leclosdelabergerie33.com\/wp-content\/uploads\/2024\/04\/Beige-Brown-Realistic-Inspiration-Moodboard-Lifestyle-Photo-Collage-Desktop-Wallpaper-1.png 1920w\" sizes=\"auto, (max-width: 1024px) 100vw, 1024px\" \/><\/figure>\n\n\n\n<p class=\"has-text-align-center\">Pour d\u00e9couvrir les destinations qui vont attendent en Gironde, cliquez sur le lien ci-dessous afin de pr\u00e9parer votre s\u00e9jour :<br><br><a href=\"https:\/\/www.gironde-tourisme.com\/\" target=\"_blank\" rel=\"noreferrer noopener\"><strong>https:\/\/www.gironde-tourisme.com\/<\/strong><\/a><\/p>\n\n\n\n<div style=\"height:33px\" aria-hidden=\"true\" class=\"wp-block-spacer\"><\/div>\n\n\n<div class=\"wp-block-image\">\n<figure class=\"aligncenter size-large is-resized\"><img loading=\"lazy\" decoding=\"async\" width=\"1024\" height=\"172\" src=\"https:\/\/leclosdelabergerie33.com\/wp-content\/uploads\/2024\/04\/Design-sans-titre-8-1024x172.png\" alt=\"\" class=\"wp-image-646\" style=\"width:263px;height:auto\" srcset=\"https:\/\/leclosdelabergerie33.com\/wp-content\/uploads\/2024\/04\/Design-sans-titre-8-1024x172.png 1024w, https:\/\/leclosdelabergerie33.com\/wp-content\/uploads\/2024\/04\/Design-sans-titre-8-300x50.png 300w, https:\/\/leclosdelabergerie33.com\/wp-content\/uploads\/2024\/04\/Design-sans-titre-8-768x129.png 768w, https:\/\/leclosdelabergerie33.com\/wp-content\/uploads\/2024\/04\/Design-sans-titre-8-1536x258.png 1536w, https:\/\/leclosdelabergerie33.com\/wp-content\/uploads\/2024\/04\/Design-sans-titre-8-2048x344.png 2048w\" sizes=\"auto, (max-width: 1024px) 100vw, 1024px\" \/><\/figure><\/div>\n\n\n<div style=\"height:33px\" aria-hidden=\"true\" class=\"wp-block-spacer\"><\/div>\n\n\n\n<div class=\"wp-block-columns is-layout-flex wp-container-core-columns-is-layout-9d6595d7 wp-block-columns-is-layout-flex\">\n<div class=\"wp-block-column is-layout-flow wp-block-column-is-layout-flow\" style=\"flex-basis:33.33%\">\n<h2 class=\"wp-block-heading has-text-align-center\"><strong>Salle de spectacle, <\/strong><\/h2>\n\n\n\n<h2 class=\"wp-block-heading has-text-align-center\"><strong>L&rsquo;Ange Bleu<\/strong><\/h2>\n\n\n\n<p class=\"has-text-align-center\">Profitez d&rsquo;un moment d&rsquo;\u00e9vasion dans ce &nbsp;concept unique de repas anim\u00e9s et dansants suivis d&rsquo;une revue \u00e0 grand spectacle de Music Hall et de cabaret.<br><br>Adresse :<br>47 rue Gueynard <br>33240 GAURIAGUET<br><br>Informations et r\u00e9servation :<br><a href=\"https:\/\/www.angebleu.fr\/fr-FR\/\" target=\"_blank\" rel=\"noreferrer noopener\"><strong>https:\/\/www.angebleu.fr\/fr-FR\/<\/strong><br><\/a><\/p>\n<\/div>\n\n\n\n<div class=\"wp-block-column is-layout-flow wp-block-column-is-layout-flow\" style=\"flex-basis:66.66%\"><div class=\"wp-block-image\">\n<figure class=\"aligncenter size-full\"><img loading=\"lazy\" decoding=\"async\" width=\"450\" height=\"450\" src=\"https:\/\/leclosdelabergerie33.com\/wp-content\/uploads\/2024\/04\/Cabaret-lAnge-bleu.jpg\" alt=\"\" class=\"wp-image-621\" srcset=\"https:\/\/leclosdelabergerie33.com\/wp-content\/uploads\/2024\/04\/Cabaret-lAnge-bleu.jpg 450w, https:\/\/leclosdelabergerie33.com\/wp-content\/uploads\/2024\/04\/Cabaret-lAnge-bleu-300x300.jpg 300w, https:\/\/leclosdelabergerie33.com\/wp-content\/uploads\/2024\/04\/Cabaret-lAnge-bleu-150x150.jpg 150w\" sizes=\"auto, (max-width: 450px) 100vw, 450px\" \/><\/figure><\/div><\/div>\n<\/div>\n\n\n\n<div style=\"height:33px\" aria-hidden=\"true\" class=\"wp-block-spacer\"><\/div>\n\n\n<div class=\"wp-block-image\">\n<figure class=\"aligncenter size-large is-resized\"><img loading=\"lazy\" decoding=\"async\" width=\"1024\" height=\"172\" src=\"https:\/\/leclosdelabergerie33.com\/wp-content\/uploads\/2024\/04\/Design-sans-titre-8-1024x172.png\" alt=\"\" class=\"wp-image-646\" style=\"width:263px;height:auto\" srcset=\"https:\/\/leclosdelabergerie33.com\/wp-content\/uploads\/2024\/04\/Design-sans-titre-8-1024x172.png 1024w, https:\/\/leclosdelabergerie33.com\/wp-content\/uploads\/2024\/04\/Design-sans-titre-8-300x50.png 300w, https:\/\/leclosdelabergerie33.com\/wp-content\/uploads\/2024\/04\/Design-sans-titre-8-768x129.png 768w, https:\/\/leclosdelabergerie33.com\/wp-content\/uploads\/2024\/04\/Design-sans-titre-8-1536x258.png 1536w, https:\/\/leclosdelabergerie33.com\/wp-content\/uploads\/2024\/04\/Design-sans-titre-8-2048x344.png 2048w\" sizes=\"auto, (max-width: 1024px) 100vw, 1024px\" \/><\/figure><\/div>\n\n\n<div style=\"height:33px\" aria-hidden=\"true\" class=\"wp-block-spacer\"><\/div>\n\n\n\n<div class=\"wp-block-columns is-layout-flex wp-container-core-columns-is-layout-9d6595d7 wp-block-columns-is-layout-flex\">\n<div class=\"wp-block-column is-layout-flow wp-block-column-is-layout-flow\" style=\"flex-basis:66.66%\"><div class=\"wp-block-image\">\n<figure class=\"aligncenter size-large is-resized\"><img loading=\"lazy\" decoding=\"async\" width=\"1024\" height=\"768\" src=\"https:\/\/leclosdelabergerie33.com\/wp-content\/uploads\/2024\/04\/LaCalinesie_SoireePartenaires_63_0298-scaled-1-1024x768.jpg\" alt=\"\" class=\"wp-image-626\" style=\"width:537px;height:auto\" srcset=\"https:\/\/leclosdelabergerie33.com\/wp-content\/uploads\/2024\/04\/LaCalinesie_SoireePartenaires_63_0298-scaled-1-1024x768.jpg 1024w, https:\/\/leclosdelabergerie33.com\/wp-content\/uploads\/2024\/04\/LaCalinesie_SoireePartenaires_63_0298-scaled-1-300x225.jpg 300w, https:\/\/leclosdelabergerie33.com\/wp-content\/uploads\/2024\/04\/LaCalinesie_SoireePartenaires_63_0298-scaled-1-768x576.jpg 768w, https:\/\/leclosdelabergerie33.com\/wp-content\/uploads\/2024\/04\/LaCalinesie_SoireePartenaires_63_0298-scaled-1-1536x1152.jpg 1536w, https:\/\/leclosdelabergerie33.com\/wp-content\/uploads\/2024\/04\/LaCalinesie_SoireePartenaires_63_0298-scaled-1-2048x1536.jpg 2048w\" sizes=\"auto, (max-width: 1024px) 100vw, 1024px\" \/><\/figure><\/div><\/div>\n\n\n\n<div class=\"wp-block-column is-layout-flow wp-block-column-is-layout-flow\" style=\"flex-basis:33.33%\">\n<h2 class=\"wp-block-heading\">La Calin\u00e9sie (Libourne)<\/h2>\n\n\n\n<p class=\"has-text-align-center\">Le complexe aquatique \u00ab La Calin\u00e9sie \u00bb, lieu incontournable du Libournais est situ\u00e9 dans l\u2019\u00e9crin naturel du Lac des Dagueys \u00e0 Libourne. <br><br>Adresse : <br>11 Rue de Logrono<br>33500 LIBOURNE<br><br>Acc\u00e8s au site :<br><a href=\"https:\/\/www.la-calinesie.fr\/\" target=\"_blank\" rel=\"noreferrer noopener\"><strong>https:\/\/www.la-calinesie.fr\/<\/strong><\/a><\/p>\n<\/div>\n<\/div>\n\n\n\n<div style=\"height:33px\" aria-hidden=\"true\" class=\"wp-block-spacer\"><\/div>\n\n\n<div class=\"wp-block-image\">\n<figure class=\"aligncenter size-large is-resized\"><img loading=\"lazy\" decoding=\"async\" width=\"1024\" height=\"172\" src=\"https:\/\/leclosdelabergerie33.com\/wp-content\/uploads\/2024\/04\/Design-sans-titre-8-1024x172.png\" alt=\"\" class=\"wp-image-646\" style=\"width:263px;height:auto\" srcset=\"https:\/\/leclosdelabergerie33.com\/wp-content\/uploads\/2024\/04\/Design-sans-titre-8-1024x172.png 1024w, https:\/\/leclosdelabergerie33.com\/wp-content\/uploads\/2024\/04\/Design-sans-titre-8-300x50.png 300w, https:\/\/leclosdelabergerie33.com\/wp-content\/uploads\/2024\/04\/Design-sans-titre-8-768x129.png 768w, https:\/\/leclosdelabergerie33.com\/wp-content\/uploads\/2024\/04\/Design-sans-titre-8-1536x258.png 1536w, https:\/\/leclosdelabergerie33.com\/wp-content\/uploads\/2024\/04\/Design-sans-titre-8-2048x344.png 2048w\" sizes=\"auto, (max-width: 1024px) 100vw, 1024px\" \/><\/figure><\/div>\n\n\n<div style=\"height:33px\" aria-hidden=\"true\" class=\"wp-block-spacer\"><\/div>\n\n\n\n<div class=\"wp-block-columns is-layout-flex wp-container-core-columns-is-layout-9d6595d7 wp-block-columns-is-layout-flex\">\n<div class=\"wp-block-column is-layout-flow wp-block-column-is-layout-flow\" style=\"flex-basis:33.33%\">\n<h2 class=\"wp-block-heading\">Saint \u00c9milion<\/h2>\n\n\n\n<p class=\"has-text-align-center\">Au c\u0153ur du\u00a0<a href=\"https:\/\/fr.wikipedia.org\/wiki\/Pays_du_Libournais\">pays du Libournais<\/a>, dans une r\u00e9gion de collines viticoles, cette cit\u00e9 m\u00e9di\u00e9vale vous s\u00e9duira de par son architecture, son Histoire et sa vue imprenable sur les hauteurs de Saint-\u00c9milion<br><br>Retrouvez toutes les informations sur le site de l&rsquo;Office de Tourisme :<br><br><a href=\"https:\/\/www.saint-emilion-tourisme.com\/fr\/\" target=\"_blank\" rel=\"noreferrer noopener\"><strong>https:\/\/www.saint-emilion-tourisme.com\/fr<\/strong><\/a><\/p>\n<\/div>\n\n\n\n<div class=\"wp-block-column is-layout-flow wp-block-column-is-layout-flow\" style=\"flex-basis:66.66%\"><div class=\"wp-block-image\">\n<figure class=\"aligncenter size-large is-resized\"><img loading=\"lazy\" decoding=\"async\" width=\"1024\" height=\"768\" src=\"https:\/\/leclosdelabergerie33.com\/wp-content\/uploads\/2024\/04\/St-Emilion-1024x768.png\" alt=\"\" class=\"wp-image-638\" style=\"width:497px;height:auto\" srcset=\"https:\/\/leclosdelabergerie33.com\/wp-content\/uploads\/2024\/04\/St-Emilion-1024x768.png 1024w, https:\/\/leclosdelabergerie33.com\/wp-content\/uploads\/2024\/04\/St-Emilion-300x225.png 300w, https:\/\/leclosdelabergerie33.com\/wp-content\/uploads\/2024\/04\/St-Emilion-768x576.png 768w, https:\/\/leclosdelabergerie33.com\/wp-content\/uploads\/2024\/04\/St-Emilion.png 1067w\" sizes=\"auto, (max-width: 1024px) 100vw, 1024px\" \/><\/figure><\/div><\/div>\n<\/div>\n","protected":false},"excerpt":{"rendered":"<p>Le Tourisme autour de P\u00e9rissac Pour d\u00e9couvrir les destinations qui vont attendent en Gironde, cliquez sur le lien ci-dessous afin de pr\u00e9parer votre s\u00e9jour : https:\/\/www.gironde-tourisme.com\/ Salle de spectacle, L&rsquo;Ange Bleu Profitez d&rsquo;un moment d&rsquo;\u00e9vasion dans ce &nbsp;concept unique de repas anim\u00e9s et dansants suivis d&rsquo;une revue \u00e0 grand spectacle de Music Hall et de [&hellip;]<\/p>\n","protected":false},"author":1,"featured_media":0,"parent":0,"menu_order":0,"comment_status":"closed","ping_status":"closed","template":"","meta":{"ocean_post_layout":"","ocean_both_sidebars_style":"","ocean_both_sidebars_content_width":0,"ocean_both_sidebars_sidebars_width":0,"ocean_sidebar":"","ocean_second_sidebar":"","ocean_disable_margins":"enable","ocean_add_body_class":"","ocean_shortcode_before_top_bar":"","ocean_shortcode_after_top_bar":"","ocean_shortcode_before_header":"","ocean_shortcode_after_header":"","ocean_has_shortcode":"","ocean_shortcode_after_title":"","ocean_shortcode_before_footer_widgets":"","ocean_shortcode_after_footer_widgets":"","ocean_shortcode_before_footer_bottom":"","ocean_shortcode_after_footer_bottom":"","ocean_display_top_bar":"default","ocean_display_header":"default","ocean_header_style":"","ocean_center_header_left_menu":"","ocean_custom_header_template":"","ocean_custom_logo":0,"ocean_custom_retina_logo":0,"ocean_custom_logo_max_width":0,"ocean_custom_logo_tablet_max_width":0,"ocean_custom_logo_mobile_max_width":0,"ocean_custom_logo_max_height":0,"ocean_custom_logo_tablet_max_height":0,"ocean_custom_logo_mobile_max_height":0,"ocean_header_custom_menu":"","ocean_menu_typo_font_family":"","ocean_menu_typo_font_subset":"","ocean_menu_typo_font_size":0,"ocean_menu_typo_font_size_tablet":0,"ocean_menu_typo_font_size_mobile":0,"ocean_menu_typo_font_size_unit":"px","ocean_menu_typo_font_weight":"","ocean_menu_typo_font_weight_tablet":"","ocean_menu_typo_font_weight_mobile":"","ocean_menu_typo_transform":"","ocean_menu_typo_transform_tablet":"","ocean_menu_typo_transform_mobile":"","ocean_menu_typo_line_height":0,"ocean_menu_typo_line_height_tablet":0,"ocean_menu_typo_line_height_mobile":0,"ocean_menu_typo_line_height_unit":"","ocean_menu_typo_spacing":0,"ocean_menu_typo_spacing_tablet":0,"ocean_menu_typo_spacing_mobile":0,"ocean_menu_typo_spacing_unit":"","ocean_menu_link_color":"","ocean_menu_link_color_hover":"","ocean_menu_link_color_active":"","ocean_menu_link_background":"","ocean_menu_link_hover_background":"","ocean_menu_link_active_background":"","ocean_menu_social_links_bg":"","ocean_menu_social_hover_links_bg":"","ocean_menu_social_links_color":"","ocean_menu_social_hover_links_color":"","ocean_disable_title":"default","ocean_disable_heading":"default","ocean_post_title":"","ocean_post_subheading":"","ocean_post_title_style":"","ocean_post_title_background_color":"","ocean_post_title_background":0,"ocean_post_title_bg_image_position":"","ocean_post_title_bg_image_attachment":"","ocean_post_title_bg_image_repeat":"","ocean_post_title_bg_image_size":"","ocean_post_title_height":0,"ocean_post_title_bg_overlay":0.5,"ocean_post_title_bg_overlay_color":"","ocean_disable_breadcrumbs":"default","ocean_breadcrumbs_color":"","ocean_breadcrumbs_separator_color":"","ocean_breadcrumbs_links_color":"","ocean_breadcrumbs_links_hover_color":"","ocean_display_footer_widgets":"default","ocean_display_footer_bottom":"default","ocean_custom_footer_template":"","footnotes":""},"class_list":["post-438","page","type-page","status-publish","hentry","entry","owp-thumbs-layout-horizontal","owp-btn-normal","owp-tabs-layout-horizontal","has-no-thumbnails","has-product-nav"],"yoast_head":"<!-- This site is optimized with the Yoast SEO plugin v25.5 - https:\/\/yoast.com\/wordpress\/plugins\/seo\/ -->\n<title>D\u00e9couvrir la Gironde - Domaine de la Bergerie<\/title>\n<meta name=\"robots\" content=\"index, follow, max-snippet:-1, max-image-preview:large, max-video-preview:-1\" \/>\n<link rel=\"canonical\" href=\"https:\/\/leclosdelabergerie33.com\/index.php\/decouvrir-la-gironde\/\" \/>\n<meta property=\"og:locale\" content=\"fr_FR\" \/>\n<meta property=\"og:type\" content=\"article\" \/>\n<meta property=\"og:title\" content=\"D\u00e9couvrir la Gironde - Domaine de la Bergerie\" \/>\n<meta property=\"og:description\" content=\"Le Tourisme autour de P\u00e9rissac Pour d\u00e9couvrir les destinations qui vont attendent en Gironde, cliquez sur le lien ci-dessous afin de pr\u00e9parer votre s\u00e9jour : https:\/\/www.gironde-tourisme.com\/ Salle de spectacle, L&rsquo;Ange Bleu Profitez d&rsquo;un moment d&rsquo;\u00e9vasion dans ce &nbsp;concept unique de repas anim\u00e9s et dansants suivis d&rsquo;une revue \u00e0 grand spectacle de Music Hall et de [&hellip;]\" \/>\n<meta property=\"og:url\" content=\"https:\/\/leclosdelabergerie33.com\/index.php\/decouvrir-la-gironde\/\" \/>\n<meta property=\"og:site_name\" content=\"Domaine de la Bergerie\" \/>\n<meta property=\"article:modified_time\" content=\"2024-04-19T07:49:14+00:00\" \/>\n<meta property=\"og:image\" content=\"https:\/\/leclosdelabergerie33.com\/wp-content\/uploads\/2024\/04\/Beige-Brown-Realistic-Inspiration-Moodboard-Lifestyle-Photo-Collage-Desktop-Wallpaper-1-1024x576.png\" \/>\n<meta name=\"twitter:card\" content=\"summary_large_image\" \/>\n<meta name=\"twitter:label1\" content=\"Dur\u00e9e de lecture estim\u00e9e\" \/>\n\t<meta name=\"twitter:data1\" content=\"1 minute\" \/>\n<script type=\"application\/ld+json\" class=\"yoast-schema-graph\">{\"@context\":\"https:\/\/schema.org\",\"@graph\":[{\"@type\":\"WebPage\",\"@id\":\"https:\/\/leclosdelabergerie33.com\/index.php\/decouvrir-la-gironde\/\",\"url\":\"https:\/\/leclosdelabergerie33.com\/index.php\/decouvrir-la-gironde\/\",\"name\":\"D\u00e9couvrir la Gironde - Domaine de la Bergerie\",\"isPartOf\":{\"@id\":\"https:\/\/leclosdelabergerie33.com\/#website\"},\"primaryImageOfPage\":{\"@id\":\"https:\/\/leclosdelabergerie33.com\/index.php\/decouvrir-la-gironde\/#primaryimage\"},\"image\":{\"@id\":\"https:\/\/leclosdelabergerie33.com\/index.php\/decouvrir-la-gironde\/#primaryimage\"},\"thumbnailUrl\":\"https:\/\/leclosdelabergerie33.com\/wp-content\/uploads\/2024\/04\/Beige-Brown-Realistic-Inspiration-Moodboard-Lifestyle-Photo-Collage-Desktop-Wallpaper-1-1024x576.png\",\"datePublished\":\"2024-02-28T17:49:41+00:00\",\"dateModified\":\"2024-04-19T07:49:14+00:00\",\"breadcrumb\":{\"@id\":\"https:\/\/leclosdelabergerie33.com\/index.php\/decouvrir-la-gironde\/#breadcrumb\"},\"inLanguage\":\"fr-FR\",\"potentialAction\":[{\"@type\":\"ReadAction\",\"target\":[\"https:\/\/leclosdelabergerie33.com\/index.php\/decouvrir-la-gironde\/\"]}]},{\"@type\":\"ImageObject\",\"inLanguage\":\"fr-FR\",\"@id\":\"https:\/\/leclosdelabergerie33.com\/index.php\/decouvrir-la-gironde\/#primaryimage\",\"url\":\"https:\/\/leclosdelabergerie33.com\/wp-content\/uploads\/2024\/04\/Beige-Brown-Realistic-Inspiration-Moodboard-Lifestyle-Photo-Collage-Desktop-Wallpaper-1.png\",\"contentUrl\":\"https:\/\/leclosdelabergerie33.com\/wp-content\/uploads\/2024\/04\/Beige-Brown-Realistic-Inspiration-Moodboard-Lifestyle-Photo-Collage-Desktop-Wallpaper-1.png\",\"width\":1920,\"height\":1080},{\"@type\":\"BreadcrumbList\",\"@id\":\"https:\/\/leclosdelabergerie33.com\/index.php\/decouvrir-la-gironde\/#breadcrumb\",\"itemListElement\":[{\"@type\":\"ListItem\",\"position\":1,\"name\":\"Accueil\",\"item\":\"https:\/\/leclosdelabergerie33.com\/\"},{\"@type\":\"ListItem\",\"position\":2,\"name\":\"D\u00e9couvrir la Gironde\"}]},{\"@type\":\"WebSite\",\"@id\":\"https:\/\/leclosdelabergerie33.com\/#website\",\"url\":\"https:\/\/leclosdelabergerie33.com\/\",\"name\":\"Domaine de la Bergerie\",\"description\":\"Le Clos dit Le Domaine de la Bergerie\",\"publisher\":{\"@id\":\"https:\/\/leclosdelabergerie33.com\/#organization\"},\"potentialAction\":[{\"@type\":\"SearchAction\",\"target\":{\"@type\":\"EntryPoint\",\"urlTemplate\":\"https:\/\/leclosdelabergerie33.com\/?s={search_term_string}\"},\"query-input\":{\"@type\":\"PropertyValueSpecification\",\"valueRequired\":true,\"valueName\":\"search_term_string\"}}],\"inLanguage\":\"fr-FR\"},{\"@type\":\"Organization\",\"@id\":\"https:\/\/leclosdelabergerie33.com\/#organization\",\"name\":\"Domaine de la Bergerie\",\"url\":\"https:\/\/leclosdelabergerie33.com\/\",\"logo\":{\"@type\":\"ImageObject\",\"inLanguage\":\"fr-FR\",\"@id\":\"https:\/\/leclosdelabergerie33.com\/#\/schema\/logo\/image\/\",\"url\":\"https:\/\/leclosdelabergerie33.com\/wp-content\/uploads\/2024\/04\/cropped-Logo-ecusson-a-superposer.png\",\"contentUrl\":\"https:\/\/leclosdelabergerie33.com\/wp-content\/uploads\/2024\/04\/cropped-Logo-ecusson-a-superposer.png\",\"width\":2967,\"height\":2967,\"caption\":\"Domaine de la Bergerie\"},\"image\":{\"@id\":\"https:\/\/leclosdelabergerie33.com\/#\/schema\/logo\/image\/\"}}]}<\/script>\n<!-- \/ Yoast SEO plugin. -->","yoast_head_json":{"title":"D\u00e9couvrir la Gironde - Domaine de la Bergerie","robots":{"index":"index","follow":"follow","max-snippet":"max-snippet:-1","max-image-preview":"max-image-preview:large","max-video-preview":"max-video-preview:-1"},"canonical":"https:\/\/leclosdelabergerie33.com\/index.php\/decouvrir-la-gironde\/","og_locale":"fr_FR","og_type":"article","og_title":"D\u00e9couvrir la Gironde - Domaine de la Bergerie","og_description":"Le Tourisme autour de P\u00e9rissac Pour d\u00e9couvrir les destinations qui vont attendent en Gironde, cliquez sur le lien ci-dessous afin de pr\u00e9parer votre s\u00e9jour : https:\/\/www.gironde-tourisme.com\/ Salle de spectacle, L&rsquo;Ange Bleu Profitez d&rsquo;un moment d&rsquo;\u00e9vasion dans ce &nbsp;concept unique de repas anim\u00e9s et dansants suivis d&rsquo;une revue \u00e0 grand spectacle de Music Hall et de [&hellip;]","og_url":"https:\/\/leclosdelabergerie33.com\/index.php\/decouvrir-la-gironde\/","og_site_name":"Domaine de la Bergerie","article_modified_time":"2024-04-19T07:49:14+00:00","og_image":[{"url":"https:\/\/leclosdelabergerie33.com\/wp-content\/uploads\/2024\/04\/Beige-Brown-Realistic-Inspiration-Moodboard-Lifestyle-Photo-Collage-Desktop-Wallpaper-1-1024x576.png","type":"","width":"","height":""}],"twitter_card":"summary_large_image","twitter_misc":{"Dur\u00e9e de lecture estim\u00e9e":"1 minute"},"schema":{"@context":"https:\/\/schema.org","@graph":[{"@type":"WebPage","@id":"https:\/\/leclosdelabergerie33.com\/index.php\/decouvrir-la-gironde\/","url":"https:\/\/leclosdelabergerie33.com\/index.php\/decouvrir-la-gironde\/","name":"D\u00e9couvrir la Gironde - Domaine de la Bergerie","isPartOf":{"@id":"https:\/\/leclosdelabergerie33.com\/#website"},"primaryImageOfPage":{"@id":"https:\/\/leclosdelabergerie33.com\/index.php\/decouvrir-la-gironde\/#primaryimage"},"image":{"@id":"https:\/\/leclosdelabergerie33.com\/index.php\/decouvrir-la-gironde\/#primaryimage"},"thumbnailUrl":"https:\/\/leclosdelabergerie33.com\/wp-content\/uploads\/2024\/04\/Beige-Brown-Realistic-Inspiration-Moodboard-Lifestyle-Photo-Collage-Desktop-Wallpaper-1-1024x576.png","datePublished":"2024-02-28T17:49:41+00:00","dateModified":"2024-04-19T07:49:14+00:00","breadcrumb":{"@id":"https:\/\/leclosdelabergerie33.com\/index.php\/decouvrir-la-gironde\/#breadcrumb"},"inLanguage":"fr-FR","potentialAction":[{"@type":"ReadAction","target":["https:\/\/leclosdelabergerie33.com\/index.php\/decouvrir-la-gironde\/"]}]},{"@type":"ImageObject","inLanguage":"fr-FR","@id":"https:\/\/leclosdelabergerie33.com\/index.php\/decouvrir-la-gironde\/#primaryimage","url":"https:\/\/leclosdelabergerie33.com\/wp-content\/uploads\/2024\/04\/Beige-Brown-Realistic-Inspiration-Moodboard-Lifestyle-Photo-Collage-Desktop-Wallpaper-1.png","contentUrl":"https:\/\/leclosdelabergerie33.com\/wp-content\/uploads\/2024\/04\/Beige-Brown-Realistic-Inspiration-Moodboard-Lifestyle-Photo-Collage-Desktop-Wallpaper-1.png","width":1920,"height":1080},{"@type":"BreadcrumbList","@id":"https:\/\/leclosdelabergerie33.com\/index.php\/decouvrir-la-gironde\/#breadcrumb","itemListElement":[{"@type":"ListItem","position":1,"name":"Accueil","item":"https:\/\/leclosdelabergerie33.com\/"},{"@type":"ListItem","position":2,"name":"D\u00e9couvrir la Gironde"}]},{"@type":"WebSite","@id":"https:\/\/leclosdelabergerie33.com\/#website","url":"https:\/\/leclosdelabergerie33.com\/","name":"Domaine de la Bergerie","description":"Le Clos dit Le Domaine de la Bergerie","publisher":{"@id":"https:\/\/leclosdelabergerie33.com\/#organization"},"potentialAction":[{"@type":"SearchAction","target":{"@type":"EntryPoint","urlTemplate":"https:\/\/leclosdelabergerie33.com\/?s={search_term_string}"},"query-input":{"@type":"PropertyValueSpecification","valueRequired":true,"valueName":"search_term_string"}}],"inLanguage":"fr-FR"},{"@type":"Organization","@id":"https:\/\/leclosdelabergerie33.com\/#organization","name":"Domaine de la Bergerie","url":"https:\/\/leclosdelabergerie33.com\/","logo":{"@type":"ImageObject","inLanguage":"fr-FR","@id":"https:\/\/leclosdelabergerie33.com\/#\/schema\/logo\/image\/","url":"https:\/\/leclosdelabergerie33.com\/wp-content\/uploads\/2024\/04\/cropped-Logo-ecusson-a-superposer.png","contentUrl":"https:\/\/leclosdelabergerie33.com\/wp-content\/uploads\/2024\/04\/cropped-Logo-ecusson-a-superposer.png","width":2967,"height":2967,"caption":"Domaine de la Bergerie"},"image":{"@id":"https:\/\/leclosdelabergerie33.com\/#\/schema\/logo\/image\/"}}]}},"_links":{"self":[{"href":"https:\/\/leclosdelabergerie33.com\/index.php\/wp-json\/wp\/v2\/pages\/438","targetHints":{"allow":["GET"]}}],"collection":[{"href":"https:\/\/leclosdelabergerie33.com\/index.php\/wp-json\/wp\/v2\/pages"}],"about":[{"href":"https:\/\/leclosdelabergerie33.com\/index.php\/wp-json\/wp\/v2\/types\/page"}],"author":[{"embeddable":true,"href":"https:\/\/leclosdelabergerie33.com\/index.php\/wp-json\/wp\/v2\/users\/1"}],"replies":[{"embeddable":true,"href":"https:\/\/leclosdelabergerie33.com\/index.php\/wp-json\/wp\/v2\/comments?post=438"}],"version-history":[{"count":19,"href":"https:\/\/leclosdelabergerie33.com\/index.php\/wp-json\/wp\/v2\/pages\/438\/revisions"}],"predecessor-version":[{"id":840,"href":"https:\/\/leclosdelabergerie33.com\/index.php\/wp-json\/wp\/v2\/pages\/438\/revisions\/840"}],"wp:attachment":[{"href":"https:\/\/leclosdelabergerie33.com\/index.php\/wp-json\/wp\/v2\/media?parent=438"}],"curies":[{"name":"wp","href":"https:\/\/api.w.org\/{rel}","templated":true}]}}