{"id":397,"date":"2024-02-28T17:46:57","date_gmt":"2024-02-28T16:46:57","guid":{"rendered":"https:\/\/leclosdelabergerie33.com\/?page_id=397"},"modified":"2024-08-18T17:42:15","modified_gmt":"2024-08-18T15:42:15","slug":"chambre-la-deesse-blanche","status":"publish","type":"page","link":"https:\/\/leclosdelabergerie33.com\/index.php\/chambre-la-deesse-blanche\/","title":{"rendered":"Chambre La D\u00e9esse Blanche"},"content":{"rendered":"\n<h1 class=\"wp-block-heading has-text-align-center\">Chambre d&rsquo;H\u00f4te \u00ab\u00a0La DS Blanche\u00a0\u00bb<\/h1>\n\n\n\n<div style=\"height:50px\" aria-hidden=\"true\" class=\"wp-block-spacer\"><\/div>\n\n\n<div class=\"wp-block-image\">\n<figure class=\"aligncenter size-large is-resized\"><img loading=\"lazy\" decoding=\"async\" width=\"1024\" height=\"512\" src=\"https:\/\/leclosdelabergerie33.com\/wp-content\/uploads\/2024\/04\/Design-sans-titre-9-1024x512.png\" alt=\"\" class=\"wp-image-730\" style=\"width:192px;height:auto\" srcset=\"https:\/\/leclosdelabergerie33.com\/wp-content\/uploads\/2024\/04\/Design-sans-titre-9-1024x512.png 1024w, https:\/\/leclosdelabergerie33.com\/wp-content\/uploads\/2024\/04\/Design-sans-titre-9-300x150.png 300w, https:\/\/leclosdelabergerie33.com\/wp-content\/uploads\/2024\/04\/Design-sans-titre-9-768x384.png 768w, https:\/\/leclosdelabergerie33.com\/wp-content\/uploads\/2024\/04\/Design-sans-titre-9-1536x768.png 1536w, https:\/\/leclosdelabergerie33.com\/wp-content\/uploads\/2024\/04\/Design-sans-titre-9-2048x1024.png 2048w\" sizes=\"auto, (max-width: 1024px) 100vw, 1024px\" \/><\/figure><\/div>\n\n\n<div style=\"height:50px\" aria-hidden=\"true\" class=\"wp-block-spacer\"><\/div>\n\n\n\n<p class=\"has-text-align-center\"><strong>La Chambre Privil\u00e8ge n&rsquo;est pas disponible pour la r\u00e9servation en ligne. Pour plus d&rsquo;informations ou pour effectuer une r\u00e9servation, il vous faudra nous contacter directement.<\/strong><\/p>\n\n\n\n<p class=\"has-text-align-center\">La chambre cocon de style \u00ab\u00a0Shabby\u00a0\u00bb cr\u00e9e une ambiance de d\u00e9tente et d&rsquo;\u00e9vasion avec son design \u00e9pur\u00e9 et intemporel. Ce style, rempli de douceur et de romance, est parfait pour se d\u00e9connecter et profiter d&rsquo;un moment en amoureux. <\/p>\n\n\n\n<div style=\"height:50px\" aria-hidden=\"true\" class=\"wp-block-spacer\"><\/div>\n\n\n<div class=\"wp-block-image\">\n<figure class=\"aligncenter size-large is-resized\"><img loading=\"lazy\" decoding=\"async\" width=\"1024\" height=\"497\" src=\"https:\/\/leclosdelabergerie33.com\/wp-content\/uploads\/2024\/02\/423147461_383503314631720_3145280572753383129_n-1024x497.jpg\" alt=\"\" class=\"wp-image-420\" style=\"width:604px;height:auto\" srcset=\"https:\/\/leclosdelabergerie33.com\/wp-content\/uploads\/2024\/02\/423147461_383503314631720_3145280572753383129_n-1024x497.jpg 1024w, https:\/\/leclosdelabergerie33.com\/wp-content\/uploads\/2024\/02\/423147461_383503314631720_3145280572753383129_n-300x146.jpg 300w, https:\/\/leclosdelabergerie33.com\/wp-content\/uploads\/2024\/02\/423147461_383503314631720_3145280572753383129_n-768x373.jpg 768w, https:\/\/leclosdelabergerie33.com\/wp-content\/uploads\/2024\/02\/423147461_383503314631720_3145280572753383129_n-1536x746.jpg 1536w, https:\/\/leclosdelabergerie33.com\/wp-content\/uploads\/2024\/02\/423147461_383503314631720_3145280572753383129_n.jpg 1600w\" sizes=\"auto, (max-width: 1024px) 100vw, 1024px\" \/><\/figure><\/div>\n\n\n<div style=\"height:50px\" aria-hidden=\"true\" class=\"wp-block-spacer\"><\/div>\n\n\n<div class=\"wp-block-image\">\n<figure class=\"aligncenter size-large is-resized\"><img loading=\"lazy\" decoding=\"async\" width=\"1024\" height=\"172\" src=\"http:\/\/leclosdelabergerie33.com\/wp-content\/uploads\/2024\/04\/Design-sans-titre-8-1024x172.png\" alt=\"\" class=\"wp-image-646\" style=\"width:232px;height:auto\" srcset=\"https:\/\/leclosdelabergerie33.com\/wp-content\/uploads\/2024\/04\/Design-sans-titre-8-1024x172.png 1024w, https:\/\/leclosdelabergerie33.com\/wp-content\/uploads\/2024\/04\/Design-sans-titre-8-300x50.png 300w, https:\/\/leclosdelabergerie33.com\/wp-content\/uploads\/2024\/04\/Design-sans-titre-8-768x129.png 768w, https:\/\/leclosdelabergerie33.com\/wp-content\/uploads\/2024\/04\/Design-sans-titre-8-1536x258.png 1536w, https:\/\/leclosdelabergerie33.com\/wp-content\/uploads\/2024\/04\/Design-sans-titre-8-2048x344.png 2048w\" sizes=\"auto, (max-width: 1024px) 100vw, 1024px\" \/><\/figure><\/div>\n\n\n<div style=\"height:50px\" aria-hidden=\"true\" class=\"wp-block-spacer\"><\/div>\n\n\n\n<div class=\"wp-block-columns is-layout-flex wp-container-core-columns-is-layout-9d6595d7 wp-block-columns-is-layout-flex\">\n<div class=\"wp-block-column is-layout-flow wp-block-column-is-layout-flow\">\n<figure class=\"wp-block-image size-large\"><img loading=\"lazy\" decoding=\"async\" width=\"777\" height=\"1165\" src=\"https:\/\/leclosdelabergerie33.com\/wp-content\/uploads\/2024\/04\/421688768_1485753021974497_3866875543868581579_n-edited-1.jpg\" alt=\"\" class=\"wp-image-661\" srcset=\"https:\/\/leclosdelabergerie33.com\/wp-content\/uploads\/2024\/04\/421688768_1485753021974497_3866875543868581579_n-edited-1.jpg 777w, https:\/\/leclosdelabergerie33.com\/wp-content\/uploads\/2024\/04\/421688768_1485753021974497_3866875543868581579_n-edited-1-200x300.jpg 200w, https:\/\/leclosdelabergerie33.com\/wp-content\/uploads\/2024\/04\/421688768_1485753021974497_3866875543868581579_n-edited-1-683x1024.jpg 683w, https:\/\/leclosdelabergerie33.com\/wp-content\/uploads\/2024\/04\/421688768_1485753021974497_3866875543868581579_n-edited-1-768x1152.jpg 768w\" sizes=\"auto, (max-width: 777px) 100vw, 777px\" \/><\/figure>\n<\/div>\n\n\n\n<div class=\"wp-block-column is-layout-flow wp-block-column-is-layout-flow\">\n<figure class=\"wp-block-image size-large\"><img loading=\"lazy\" decoding=\"async\" width=\"777\" height=\"1165\" src=\"https:\/\/leclosdelabergerie33.com\/wp-content\/uploads\/2024\/04\/423619643_1548639325678642_538368912935458947_n-edited.jpg\" alt=\"\" class=\"wp-image-660\" srcset=\"https:\/\/leclosdelabergerie33.com\/wp-content\/uploads\/2024\/04\/423619643_1548639325678642_538368912935458947_n-edited.jpg 777w, https:\/\/leclosdelabergerie33.com\/wp-content\/uploads\/2024\/04\/423619643_1548639325678642_538368912935458947_n-edited-200x300.jpg 200w, https:\/\/leclosdelabergerie33.com\/wp-content\/uploads\/2024\/04\/423619643_1548639325678642_538368912935458947_n-edited-683x1024.jpg 683w, https:\/\/leclosdelabergerie33.com\/wp-content\/uploads\/2024\/04\/423619643_1548639325678642_538368912935458947_n-edited-768x1152.jpg 768w\" sizes=\"auto, (max-width: 777px) 100vw, 777px\" \/><\/figure>\n<\/div>\n\n\n\n<div class=\"wp-block-column is-layout-flow wp-block-column-is-layout-flow\">\n<figure class=\"wp-block-image size-large\"><img loading=\"lazy\" decoding=\"async\" width=\"777\" height=\"1165\" src=\"https:\/\/leclosdelabergerie33.com\/wp-content\/uploads\/2024\/04\/429305835_696006526043031_9219633972412474665_n-edited.jpg\" alt=\"\" class=\"wp-image-663\" srcset=\"https:\/\/leclosdelabergerie33.com\/wp-content\/uploads\/2024\/04\/429305835_696006526043031_9219633972412474665_n-edited.jpg 777w, https:\/\/leclosdelabergerie33.com\/wp-content\/uploads\/2024\/04\/429305835_696006526043031_9219633972412474665_n-edited-200x300.jpg 200w, https:\/\/leclosdelabergerie33.com\/wp-content\/uploads\/2024\/04\/429305835_696006526043031_9219633972412474665_n-edited-683x1024.jpg 683w, https:\/\/leclosdelabergerie33.com\/wp-content\/uploads\/2024\/04\/429305835_696006526043031_9219633972412474665_n-edited-768x1152.jpg 768w\" sizes=\"auto, (max-width: 777px) 100vw, 777px\" \/><\/figure>\n<\/div>\n<\/div>\n\n\n<div class=\"wp-block-image\">\n<figure class=\"aligncenter size-large is-resized\"><img loading=\"lazy\" decoding=\"async\" width=\"1024\" height=\"497\" src=\"http:\/\/leclosdelabergerie33.com\/wp-content\/uploads\/2024\/03\/423105745_1551811188886887_5910354259302312618_n-1024x497.jpg\" alt=\"\" class=\"wp-image-447\" style=\"width:573px;height:auto\" srcset=\"https:\/\/leclosdelabergerie33.com\/wp-content\/uploads\/2024\/03\/423105745_1551811188886887_5910354259302312618_n-1024x497.jpg 1024w, https:\/\/leclosdelabergerie33.com\/wp-content\/uploads\/2024\/03\/423105745_1551811188886887_5910354259302312618_n-300x146.jpg 300w, https:\/\/leclosdelabergerie33.com\/wp-content\/uploads\/2024\/03\/423105745_1551811188886887_5910354259302312618_n-768x373.jpg 768w, https:\/\/leclosdelabergerie33.com\/wp-content\/uploads\/2024\/03\/423105745_1551811188886887_5910354259302312618_n-1536x746.jpg 1536w, https:\/\/leclosdelabergerie33.com\/wp-content\/uploads\/2024\/03\/423105745_1551811188886887_5910354259302312618_n.jpg 1600w\" sizes=\"auto, (max-width: 1024px) 100vw, 1024px\" \/><\/figure><\/div>\n\n\n<div style=\"height:50px\" aria-hidden=\"true\" class=\"wp-block-spacer\"><\/div>\n\n\n<div class=\"wp-block-image\">\n<figure class=\"aligncenter size-large is-resized\"><img loading=\"lazy\" decoding=\"async\" width=\"1024\" height=\"172\" src=\"http:\/\/leclosdelabergerie33.com\/wp-content\/uploads\/2024\/04\/Design-sans-titre-8-1024x172.png\" alt=\"\" class=\"wp-image-646\" style=\"width:232px;height:auto\" srcset=\"https:\/\/leclosdelabergerie33.com\/wp-content\/uploads\/2024\/04\/Design-sans-titre-8-1024x172.png 1024w, https:\/\/leclosdelabergerie33.com\/wp-content\/uploads\/2024\/04\/Design-sans-titre-8-300x50.png 300w, https:\/\/leclosdelabergerie33.com\/wp-content\/uploads\/2024\/04\/Design-sans-titre-8-768x129.png 768w, https:\/\/leclosdelabergerie33.com\/wp-content\/uploads\/2024\/04\/Design-sans-titre-8-1536x258.png 1536w, https:\/\/leclosdelabergerie33.com\/wp-content\/uploads\/2024\/04\/Design-sans-titre-8-2048x344.png 2048w\" sizes=\"auto, (max-width: 1024px) 100vw, 1024px\" \/><\/figure><\/div>\n\n\n<div style=\"height:50px\" aria-hidden=\"true\" class=\"wp-block-spacer\"><\/div>\n\n\n\n<h3 class=\"wp-block-heading has-text-align-center\">Salle de Bain avec baignoire Baln\u00e9o<\/h3>\n\n\n\n<div style=\"height:50px\" aria-hidden=\"true\" class=\"wp-block-spacer\"><\/div>\n\n\n\n<p class=\"has-text-align-center\">La salle de bain est \u00e9quip\u00e9e de deux vasques, offrant ainsi plus de confort pour les pr\u00e9paratifs du matin ou du soir, et d&rsquo;une baignoire Baln\u00e9o. Cette baignoire, dot\u00e9e de jets de massage, permet de se d\u00e9tendre pleinement apr\u00e8s une journ\u00e9e charg\u00e9e. C&rsquo;est un espace id\u00e9al pour profiter d&rsquo;un moment de bien-\u00eatre et de relaxation.<\/p>\n\n\n\n<div style=\"height:50px\" aria-hidden=\"true\" class=\"wp-block-spacer\"><\/div>\n\n\n<div class=\"wp-block-image\">\n<figure class=\"aligncenter size-large is-resized\"><img loading=\"lazy\" decoding=\"async\" width=\"1024\" height=\"683\" src=\"https:\/\/leclosdelabergerie33.com\/wp-content\/uploads\/2024\/04\/Balneo-1024x683.jpg\" alt=\"\" class=\"wp-image-725\" style=\"width:591px;height:auto\" srcset=\"https:\/\/leclosdelabergerie33.com\/wp-content\/uploads\/2024\/04\/Balneo-1024x683.jpg 1024w, https:\/\/leclosdelabergerie33.com\/wp-content\/uploads\/2024\/04\/Balneo-300x200.jpg 300w, https:\/\/leclosdelabergerie33.com\/wp-content\/uploads\/2024\/04\/Balneo-768x512.jpg 768w, https:\/\/leclosdelabergerie33.com\/wp-content\/uploads\/2024\/04\/Balneo-1536x1024.jpg 1536w, https:\/\/leclosdelabergerie33.com\/wp-content\/uploads\/2024\/04\/Balneo-2048x1366.jpg 2048w\" sizes=\"auto, (max-width: 1024px) 100vw, 1024px\" \/><\/figure><\/div>\n\n\n<div style=\"height:50px\" aria-hidden=\"true\" class=\"wp-block-spacer\"><\/div>\n\n\n<div class=\"wp-block-image\">\n<figure class=\"aligncenter size-large is-resized\"><img loading=\"lazy\" decoding=\"async\" width=\"1024\" height=\"512\" src=\"https:\/\/leclosdelabergerie33.com\/wp-content\/uploads\/2024\/04\/Design-sans-titre-9-1024x512.png\" alt=\"\" class=\"wp-image-730\" style=\"width:192px;height:auto\" srcset=\"https:\/\/leclosdelabergerie33.com\/wp-content\/uploads\/2024\/04\/Design-sans-titre-9-1024x512.png 1024w, https:\/\/leclosdelabergerie33.com\/wp-content\/uploads\/2024\/04\/Design-sans-titre-9-300x150.png 300w, https:\/\/leclosdelabergerie33.com\/wp-content\/uploads\/2024\/04\/Design-sans-titre-9-768x384.png 768w, https:\/\/leclosdelabergerie33.com\/wp-content\/uploads\/2024\/04\/Design-sans-titre-9-1536x768.png 1536w, https:\/\/leclosdelabergerie33.com\/wp-content\/uploads\/2024\/04\/Design-sans-titre-9-2048x1024.png 2048w\" sizes=\"auto, (max-width: 1024px) 100vw, 1024px\" \/><\/figure><\/div>","protected":false},"excerpt":{"rendered":"<p>Chambre d&rsquo;H\u00f4te \u00ab\u00a0La DS Blanche\u00a0\u00bb La Chambre Privil\u00e8ge n&rsquo;est pas disponible pour la r\u00e9servation en ligne. Pour plus d&rsquo;informations ou pour effectuer une r\u00e9servation, il vous faudra nous contacter directement. La chambre cocon de style \u00ab\u00a0Shabby\u00a0\u00bb cr\u00e9e une ambiance de d\u00e9tente et d&rsquo;\u00e9vasion avec son design \u00e9pur\u00e9 et intemporel. Ce style, rempli de douceur et [&hellip;]<\/p>\n","protected":false},"author":1,"featured_media":824,"parent":0,"menu_order":0,"comment_status":"closed","ping_status":"closed","template":"","meta":{"ocean_post_layout":"","ocean_both_sidebars_style":"","ocean_both_sidebars_content_width":0,"ocean_both_sidebars_sidebars_width":0,"ocean_sidebar":"","ocean_second_sidebar":"","ocean_disable_margins":"enable","ocean_add_body_class":"","ocean_shortcode_before_top_bar":"","ocean_shortcode_after_top_bar":"","ocean_shortcode_before_header":"","ocean_shortcode_after_header":"","ocean_has_shortcode":"","ocean_shortcode_after_title":"","ocean_shortcode_before_footer_widgets":"","ocean_shortcode_after_footer_widgets":"","ocean_shortcode_before_footer_bottom":"","ocean_shortcode_after_footer_bottom":"","ocean_display_top_bar":"default","ocean_display_header":"default","ocean_header_style":"","ocean_center_header_left_menu":"","ocean_custom_header_template":"","ocean_custom_logo":0,"ocean_custom_retina_logo":0,"ocean_custom_logo_max_width":0,"ocean_custom_logo_tablet_max_width":0,"ocean_custom_logo_mobile_max_width":0,"ocean_custom_logo_max_height":0,"ocean_custom_logo_tablet_max_height":0,"ocean_custom_logo_mobile_max_height":0,"ocean_header_custom_menu":"","ocean_menu_typo_font_family":"","ocean_menu_typo_font_subset":"","ocean_menu_typo_font_size":0,"ocean_menu_typo_font_size_tablet":0,"ocean_menu_typo_font_size_mobile":0,"ocean_menu_typo_font_size_unit":"px","ocean_menu_typo_font_weight":"","ocean_menu_typo_font_weight_tablet":"","ocean_menu_typo_font_weight_mobile":"","ocean_menu_typo_transform":"","ocean_menu_typo_transform_tablet":"","ocean_menu_typo_transform_mobile":"","ocean_menu_typo_line_height":0,"ocean_menu_typo_line_height_tablet":0,"ocean_menu_typo_line_height_mobile":0,"ocean_menu_typo_line_height_unit":"","ocean_menu_typo_spacing":0,"ocean_menu_typo_spacing_tablet":0,"ocean_menu_typo_spacing_mobile":0,"ocean_menu_typo_spacing_unit":"","ocean_menu_link_color":"","ocean_menu_link_color_hover":"","ocean_menu_link_color_active":"","ocean_menu_link_background":"","ocean_menu_link_hover_background":"","ocean_menu_link_active_background":"","ocean_menu_social_links_bg":"","ocean_menu_social_hover_links_bg":"","ocean_menu_social_links_color":"","ocean_menu_social_hover_links_color":"","ocean_disable_title":"default","ocean_disable_heading":"default","ocean_post_title":"","ocean_post_subheading":"","ocean_post_title_style":"","ocean_post_title_background_color":"","ocean_post_title_background":0,"ocean_post_title_bg_image_position":"","ocean_post_title_bg_image_attachment":"","ocean_post_title_bg_image_repeat":"","ocean_post_title_bg_image_size":"","ocean_post_title_height":0,"ocean_post_title_bg_overlay":0.5,"ocean_post_title_bg_overlay_color":"","ocean_disable_breadcrumbs":"default","ocean_breadcrumbs_color":"","ocean_breadcrumbs_separator_color":"","ocean_breadcrumbs_links_color":"","ocean_breadcrumbs_links_hover_color":"","ocean_display_footer_widgets":"default","ocean_display_footer_bottom":"default","ocean_custom_footer_template":"","footnotes":""},"class_list":["post-397","page","type-page","status-publish","has-post-thumbnail","hentry","entry","has-media","owp-thumbs-layout-horizontal","owp-btn-normal","owp-tabs-layout-horizontal","has-no-thumbnails","has-product-nav"],"yoast_head":"<!-- This site is optimized with the Yoast SEO plugin v25.5 - https:\/\/yoast.com\/wordpress\/plugins\/seo\/ -->\n<title>Chambre La D\u00e9esse Blanche - Domaine de la Bergerie<\/title>\n<meta name=\"description\" content=\"Cette chambre au style \u00e9pur\u00e9 et intemporel, rempli de douceur et de romance, est parfait pour profiter d&#039;un moment en amoureux.\" \/>\n<meta name=\"robots\" content=\"index, follow, max-snippet:-1, max-image-preview:large, max-video-preview:-1\" \/>\n<link rel=\"canonical\" href=\"https:\/\/leclosdelabergerie33.com\/index.php\/chambre-la-deesse-blanche\/\" \/>\n<meta property=\"og:locale\" content=\"fr_FR\" \/>\n<meta property=\"og:type\" content=\"article\" \/>\n<meta property=\"og:title\" content=\"Chambre La D\u00e9esse Blanche - Domaine de la Bergerie\" \/>\n<meta property=\"og:description\" content=\"Cette chambre au style \u00e9pur\u00e9 et intemporel, rempli de douceur et de romance, est parfait pour profiter d&#039;un moment en amoureux.\" \/>\n<meta property=\"og:url\" content=\"https:\/\/leclosdelabergerie33.com\/index.php\/chambre-la-deesse-blanche\/\" \/>\n<meta property=\"og:site_name\" content=\"Domaine de la Bergerie\" \/>\n<meta property=\"article:modified_time\" content=\"2024-08-18T15:42:15+00:00\" \/>\n<meta property=\"og:image\" content=\"http:\/\/leclosdelabergerie33.com\/wp-content\/uploads\/2024\/04\/423599785_923126026011089_6853567868370251240_n-edited.jpg\" \/>\n\t<meta property=\"og:image:width\" content=\"1035\" \/>\n\t<meta property=\"og:image:height\" content=\"777\" \/>\n\t<meta property=\"og:image:type\" content=\"image\/jpeg\" \/>\n<meta name=\"twitter:card\" content=\"summary_large_image\" \/>\n<meta name=\"twitter:label1\" content=\"Dur\u00e9e de lecture estim\u00e9e\" \/>\n\t<meta name=\"twitter:data1\" content=\"3 minutes\" \/>\n<script type=\"application\/ld+json\" class=\"yoast-schema-graph\">{\"@context\":\"https:\/\/schema.org\",\"@graph\":[{\"@type\":\"WebPage\",\"@id\":\"https:\/\/leclosdelabergerie33.com\/index.php\/chambre-la-deesse-blanche\/\",\"url\":\"https:\/\/leclosdelabergerie33.com\/index.php\/chambre-la-deesse-blanche\/\",\"name\":\"Chambre La D\u00e9esse Blanche - Domaine de la Bergerie\",\"isPartOf\":{\"@id\":\"https:\/\/leclosdelabergerie33.com\/#website\"},\"primaryImageOfPage\":{\"@id\":\"https:\/\/leclosdelabergerie33.com\/index.php\/chambre-la-deesse-blanche\/#primaryimage\"},\"image\":{\"@id\":\"https:\/\/leclosdelabergerie33.com\/index.php\/chambre-la-deesse-blanche\/#primaryimage\"},\"thumbnailUrl\":\"https:\/\/leclosdelabergerie33.com\/wp-content\/uploads\/2024\/04\/423599785_923126026011089_6853567868370251240_n-edited.jpg\",\"datePublished\":\"2024-02-28T16:46:57+00:00\",\"dateModified\":\"2024-08-18T15:42:15+00:00\",\"description\":\"Cette chambre au style \u00e9pur\u00e9 et intemporel, rempli de douceur et de romance, est parfait pour profiter d'un moment en amoureux.\",\"breadcrumb\":{\"@id\":\"https:\/\/leclosdelabergerie33.com\/index.php\/chambre-la-deesse-blanche\/#breadcrumb\"},\"inLanguage\":\"fr-FR\",\"potentialAction\":[{\"@type\":\"ReadAction\",\"target\":[\"https:\/\/leclosdelabergerie33.com\/index.php\/chambre-la-deesse-blanche\/\"]}]},{\"@type\":\"ImageObject\",\"inLanguage\":\"fr-FR\",\"@id\":\"https:\/\/leclosdelabergerie33.com\/index.php\/chambre-la-deesse-blanche\/#primaryimage\",\"url\":\"https:\/\/leclosdelabergerie33.com\/wp-content\/uploads\/2024\/04\/423599785_923126026011089_6853567868370251240_n-edited.jpg\",\"contentUrl\":\"https:\/\/leclosdelabergerie33.com\/wp-content\/uploads\/2024\/04\/423599785_923126026011089_6853567868370251240_n-edited.jpg\",\"width\":1035,\"height\":777},{\"@type\":\"BreadcrumbList\",\"@id\":\"https:\/\/leclosdelabergerie33.com\/index.php\/chambre-la-deesse-blanche\/#breadcrumb\",\"itemListElement\":[{\"@type\":\"ListItem\",\"position\":1,\"name\":\"Accueil\",\"item\":\"https:\/\/leclosdelabergerie33.com\/\"},{\"@type\":\"ListItem\",\"position\":2,\"name\":\"Chambre La D\u00e9esse Blanche\"}]},{\"@type\":\"WebSite\",\"@id\":\"https:\/\/leclosdelabergerie33.com\/#website\",\"url\":\"https:\/\/leclosdelabergerie33.com\/\",\"name\":\"Domaine de la Bergerie\",\"description\":\"Le Clos dit Le Domaine de la Bergerie\",\"publisher\":{\"@id\":\"https:\/\/leclosdelabergerie33.com\/#organization\"},\"potentialAction\":[{\"@type\":\"SearchAction\",\"target\":{\"@type\":\"EntryPoint\",\"urlTemplate\":\"https:\/\/leclosdelabergerie33.com\/?s={search_term_string}\"},\"query-input\":{\"@type\":\"PropertyValueSpecification\",\"valueRequired\":true,\"valueName\":\"search_term_string\"}}],\"inLanguage\":\"fr-FR\"},{\"@type\":\"Organization\",\"@id\":\"https:\/\/leclosdelabergerie33.com\/#organization\",\"name\":\"Domaine de la Bergerie\",\"url\":\"https:\/\/leclosdelabergerie33.com\/\",\"logo\":{\"@type\":\"ImageObject\",\"inLanguage\":\"fr-FR\",\"@id\":\"https:\/\/leclosdelabergerie33.com\/#\/schema\/logo\/image\/\",\"url\":\"https:\/\/leclosdelabergerie33.com\/wp-content\/uploads\/2024\/04\/cropped-Logo-ecusson-a-superposer.png\",\"contentUrl\":\"https:\/\/leclosdelabergerie33.com\/wp-content\/uploads\/2024\/04\/cropped-Logo-ecusson-a-superposer.png\",\"width\":2967,\"height\":2967,\"caption\":\"Domaine de la Bergerie\"},\"image\":{\"@id\":\"https:\/\/leclosdelabergerie33.com\/#\/schema\/logo\/image\/\"}}]}<\/script>\n<!-- \/ Yoast SEO plugin. -->","yoast_head_json":{"title":"Chambre La D\u00e9esse Blanche - Domaine de la Bergerie","description":"Cette chambre au style \u00e9pur\u00e9 et intemporel, rempli de douceur et de romance, est parfait pour profiter d'un moment en amoureux.","robots":{"index":"index","follow":"follow","max-snippet":"max-snippet:-1","max-image-preview":"max-image-preview:large","max-video-preview":"max-video-preview:-1"},"canonical":"https:\/\/leclosdelabergerie33.com\/index.php\/chambre-la-deesse-blanche\/","og_locale":"fr_FR","og_type":"article","og_title":"Chambre La D\u00e9esse Blanche - Domaine de la Bergerie","og_description":"Cette chambre au style \u00e9pur\u00e9 et intemporel, rempli de douceur et de romance, est parfait pour profiter d'un moment en amoureux.","og_url":"https:\/\/leclosdelabergerie33.com\/index.php\/chambre-la-deesse-blanche\/","og_site_name":"Domaine de la Bergerie","article_modified_time":"2024-08-18T15:42:15+00:00","og_image":[{"width":1035,"height":777,"url":"http:\/\/leclosdelabergerie33.com\/wp-content\/uploads\/2024\/04\/423599785_923126026011089_6853567868370251240_n-edited.jpg","type":"image\/jpeg"}],"twitter_card":"summary_large_image","twitter_misc":{"Dur\u00e9e de lecture estim\u00e9e":"3 minutes"},"schema":{"@context":"https:\/\/schema.org","@graph":[{"@type":"WebPage","@id":"https:\/\/leclosdelabergerie33.com\/index.php\/chambre-la-deesse-blanche\/","url":"https:\/\/leclosdelabergerie33.com\/index.php\/chambre-la-deesse-blanche\/","name":"Chambre La D\u00e9esse Blanche - Domaine de la Bergerie","isPartOf":{"@id":"https:\/\/leclosdelabergerie33.com\/#website"},"primaryImageOfPage":{"@id":"https:\/\/leclosdelabergerie33.com\/index.php\/chambre-la-deesse-blanche\/#primaryimage"},"image":{"@id":"https:\/\/leclosdelabergerie33.com\/index.php\/chambre-la-deesse-blanche\/#primaryimage"},"thumbnailUrl":"https:\/\/leclosdelabergerie33.com\/wp-content\/uploads\/2024\/04\/423599785_923126026011089_6853567868370251240_n-edited.jpg","datePublished":"2024-02-28T16:46:57+00:00","dateModified":"2024-08-18T15:42:15+00:00","description":"Cette chambre au style \u00e9pur\u00e9 et intemporel, rempli de douceur et de romance, est parfait pour profiter d'un moment en amoureux.","breadcrumb":{"@id":"https:\/\/leclosdelabergerie33.com\/index.php\/chambre-la-deesse-blanche\/#breadcrumb"},"inLanguage":"fr-FR","potentialAction":[{"@type":"ReadAction","target":["https:\/\/leclosdelabergerie33.com\/index.php\/chambre-la-deesse-blanche\/"]}]},{"@type":"ImageObject","inLanguage":"fr-FR","@id":"https:\/\/leclosdelabergerie33.com\/index.php\/chambre-la-deesse-blanche\/#primaryimage","url":"https:\/\/leclosdelabergerie33.com\/wp-content\/uploads\/2024\/04\/423599785_923126026011089_6853567868370251240_n-edited.jpg","contentUrl":"https:\/\/leclosdelabergerie33.com\/wp-content\/uploads\/2024\/04\/423599785_923126026011089_6853567868370251240_n-edited.jpg","width":1035,"height":777},{"@type":"BreadcrumbList","@id":"https:\/\/leclosdelabergerie33.com\/index.php\/chambre-la-deesse-blanche\/#breadcrumb","itemListElement":[{"@type":"ListItem","position":1,"name":"Accueil","item":"https:\/\/leclosdelabergerie33.com\/"},{"@type":"ListItem","position":2,"name":"Chambre La D\u00e9esse Blanche"}]},{"@type":"WebSite","@id":"https:\/\/leclosdelabergerie33.com\/#website","url":"https:\/\/leclosdelabergerie33.com\/","name":"Domaine de la Bergerie","description":"Le Clos dit Le Domaine de la Bergerie","publisher":{"@id":"https:\/\/leclosdelabergerie33.com\/#organization"},"potentialAction":[{"@type":"SearchAction","target":{"@type":"EntryPoint","urlTemplate":"https:\/\/leclosdelabergerie33.com\/?s={search_term_string}"},"query-input":{"@type":"PropertyValueSpecification","valueRequired":true,"valueName":"search_term_string"}}],"inLanguage":"fr-FR"},{"@type":"Organization","@id":"https:\/\/leclosdelabergerie33.com\/#organization","name":"Domaine de la Bergerie","url":"https:\/\/leclosdelabergerie33.com\/","logo":{"@type":"ImageObject","inLanguage":"fr-FR","@id":"https:\/\/leclosdelabergerie33.com\/#\/schema\/logo\/image\/","url":"https:\/\/leclosdelabergerie33.com\/wp-content\/uploads\/2024\/04\/cropped-Logo-ecusson-a-superposer.png","contentUrl":"https:\/\/leclosdelabergerie33.com\/wp-content\/uploads\/2024\/04\/cropped-Logo-ecusson-a-superposer.png","width":2967,"height":2967,"caption":"Domaine de la Bergerie"},"image":{"@id":"https:\/\/leclosdelabergerie33.com\/#\/schema\/logo\/image\/"}}]}},"_links":{"self":[{"href":"https:\/\/leclosdelabergerie33.com\/index.php\/wp-json\/wp\/v2\/pages\/397","targetHints":{"allow":["GET"]}}],"collection":[{"href":"https:\/\/leclosdelabergerie33.com\/index.php\/wp-json\/wp\/v2\/pages"}],"about":[{"href":"https:\/\/leclosdelabergerie33.com\/index.php\/wp-json\/wp\/v2\/types\/page"}],"author":[{"embeddable":true,"href":"https:\/\/leclosdelabergerie33.com\/index.php\/wp-json\/wp\/v2\/users\/1"}],"replies":[{"embeddable":true,"href":"https:\/\/leclosdelabergerie33.com\/index.php\/wp-json\/wp\/v2\/comments?post=397"}],"version-history":[{"count":14,"href":"https:\/\/leclosdelabergerie33.com\/index.php\/wp-json\/wp\/v2\/pages\/397\/revisions"}],"predecessor-version":[{"id":1692,"href":"https:\/\/leclosdelabergerie33.com\/index.php\/wp-json\/wp\/v2\/pages\/397\/revisions\/1692"}],"wp:featuredmedia":[{"embeddable":true,"href":"https:\/\/leclosdelabergerie33.com\/index.php\/wp-json\/wp\/v2\/media\/824"}],"wp:attachment":[{"href":"https:\/\/leclosdelabergerie33.com\/index.php\/wp-json\/wp\/v2\/media?parent=397"}],"curies":[{"name":"wp","href":"https:\/\/api.w.org\/{rel}","templated":true}]}}