{"id":1791,"date":"2025-06-24T17:46:33","date_gmt":"2025-06-24T15:46:33","guid":{"rendered":"https:\/\/leclosdelabergerie33.com\/?page_id=1791"},"modified":"2025-06-24T19:01:04","modified_gmt":"2025-06-24T17:01:04","slug":"tarifs-reservation","status":"publish","type":"page","link":"https:\/\/leclosdelabergerie33.com\/index.php\/tarifs-reservation\/","title":{"rendered":"Tarifs &amp; R\u00e9servation"},"content":{"rendered":"\n<h1 class=\"wp-block-heading has-text-align-center\"><em>Choisissez votre s\u00e9jour ou organisez votre \u00e9v\u00e9nement en toute s\u00e9r\u00e9nit\u00e9<\/em><\/h1>\n\n\n\n<div style=\"height:50px\" aria-hidden=\"true\" class=\"wp-block-spacer\"><\/div>\n\n\n\n<h2 class=\"wp-block-heading has-text-align-center\">S\u00e9jours du <strong>mardi 17h00 au dimanche 11h00<\/strong><br>(<em>5 jours \u2013 4 nuits<\/em>)<\/h2>\n\n\n\n<p class=\"has-text-align-center\">Un rythme pens\u00e9 pour vous offrir un vrai temps de pause, loin du tumulte, dans un cadre naturel et paisible.<\/p>\n\n\n\n<div style=\"height:50px\" aria-hidden=\"true\" class=\"wp-block-spacer\"><\/div>\n\n\n\n<h1 class=\"wp-block-heading has-text-align-center\"><strong>L\u2019Auberge Girondine<\/strong><\/h1>\n\n\n\n<p class=\"has-text-align-center\">L\u2019Auberge Girondine vous accueille dans une <strong>ancienne long\u00e8re r\u00e9nov\u00e9e<\/strong>, \u00e0 la fois chaleureuse, fonctionnelle et baign\u00e9e de lumi\u00e8re.<\/p>\n\n\n\n<div style=\"height:25px\" aria-hidden=\"true\" class=\"wp-block-spacer\"><\/div>\n\n\n\n<h3 class=\"wp-block-heading has-text-align-center has-medium-font-size\">Composition de l\u2019Auberge<\/h3>\n\n\n\n<div style=\"height:25px\" aria-hidden=\"true\" class=\"wp-block-spacer\"><\/div>\n\n\n\n<p class=\"has-text-align-center\">Capacit\u00e9 : <strong>4 personnes<\/strong><br>(Suppl\u00e9ment possible pour un couchage d\u2019enfant ou un lit d\u2019appoint)<\/p>\n\n\n\n<div style=\"height:25px\" aria-hidden=\"true\" class=\"wp-block-spacer\"><\/div>\n\n\n\n<p class=\"has-text-align-center\">\u25aa\ufe0e <strong>2 chambres confortables<\/strong> avec literie double<br>\u25aa\ufe0e <strong>Cuisine enti\u00e8rement \u00e9quip\u00e9e<\/strong> : four, plaque de cuisson, frigo, cafeti\u00e8re, vaisselle\u2026<br>\u25aa\ufe0e <strong>Grand s\u00e9jour convivial<\/strong> avec table \u00e0 manger, coin salon<br>\u25aa\ufe0e <strong>Salle d\u2019eau<\/strong> avec <strong>double douche \u00e0 l\u2019italienne<\/strong><br>\u25aa\ufe0e <strong>Sanitaires ind\u00e9pendants<\/strong><br>\u25aa\ufe0e <strong>Terrasse privative<\/strong><br>\u25aa\ufe0e <strong>Acc\u00e8s en option \u00e0 la piscine du domaine<\/strong> <em>(partag\u00e9e avec les autres h\u00e9bergements)<\/em><\/p>\n\n\n\n<div style=\"height:25px\" aria-hidden=\"true\" class=\"wp-block-spacer\"><\/div>\n\n\n\n<p class=\"has-text-align-center\">Capacit\u00e9 par chambre : <strong>2 personnes<\/strong><\/p>\n\n\n\n<p class=\"has-text-align-center\"><strong>Tarif : 1800 \u20ac pour 5 jours \/ 4 nuits<\/strong> soit du mardi au dimanche<br><em>\u2192 M\u00e9nage de fin de s\u00e9jour : 100 \u20ac (obligatoire)<\/em><\/p>\n\n\n\n<div style=\"height:50px\" aria-hidden=\"true\" class=\"wp-block-spacer\"><\/div>\n\n\n<div class=\"wp-block-image\">\n<figure class=\"aligncenter size-large is-resized\"><img loading=\"lazy\" decoding=\"async\" width=\"1024\" height=\"172\" src=\"http:\/\/leclosdelabergerie33.com\/wp-content\/uploads\/2024\/04\/Design-sans-titre-8-1024x172.png\" alt=\"\" class=\"wp-image-646\" style=\"width:280px\" srcset=\"https:\/\/leclosdelabergerie33.com\/wp-content\/uploads\/2024\/04\/Design-sans-titre-8-1024x172.png 1024w, https:\/\/leclosdelabergerie33.com\/wp-content\/uploads\/2024\/04\/Design-sans-titre-8-300x50.png 300w, https:\/\/leclosdelabergerie33.com\/wp-content\/uploads\/2024\/04\/Design-sans-titre-8-768x129.png 768w, https:\/\/leclosdelabergerie33.com\/wp-content\/uploads\/2024\/04\/Design-sans-titre-8-1536x258.png 1536w, https:\/\/leclosdelabergerie33.com\/wp-content\/uploads\/2024\/04\/Design-sans-titre-8-2048x344.png 2048w\" sizes=\"auto, (max-width: 1024px) 100vw, 1024px\" \/><\/figure><\/div>\n\n\n<div style=\"height:50px\" aria-hidden=\"true\" class=\"wp-block-spacer\"><\/div>\n\n\n\n<h1 class=\"wp-block-heading has-text-align-center\">La Suite<\/h1>\n\n\n\n<p class=\"has-text-align-center\">Situ\u00e9e \u00e0 l\u2019extr\u00e9mit\u00e9 de la long\u00e8re, <strong>La Suite<\/strong> est un h\u00e9bergement ind\u00e9pendant, parfait pour un s\u00e9jour romantique ou en famille :<\/p>\n\n\n\n<div style=\"height:25px\" aria-hidden=\"true\" class=\"wp-block-spacer\"><\/div>\n\n\n\n<p class=\"has-text-align-center\">\u25aa\ufe0e Grande chambre avec acc\u00e8s direct \u00e0 la terrasse &amp; vue sur piscine<br>\u25aa\ufe0e Petit salon avec canap\u00e9 convertible et t\u00e9l\u00e9vision<br>\u25aa\ufe0e Pi\u00e8ce d\u2019eau privative<\/p>\n\n\n\n<div style=\"height:25px\" aria-hidden=\"true\" class=\"wp-block-spacer\"><\/div>\n\n\n\n<p class=\"has-text-align-center\"><strong>Capacit\u00e9 : jusqu\u2019\u00e0 5 personnes<\/strong><\/p>\n\n\n\n<p class=\"has-text-align-center\"><strong>Tarif : 840 \u20ac pour 5 jours \/ 4 nuits<\/strong> soit du mardi au dimanche<br><em>\u2192 M\u00e9nage de fin de s\u00e9jour : 100 \u20ac (obligatoire<\/em>)<br><\/p>\n\n\n\n<div style=\"height:50px\" aria-hidden=\"true\" class=\"wp-block-spacer\"><\/div>\n\n\n<div class=\"wp-block-image\">\n<figure class=\"aligncenter size-large is-resized\"><img loading=\"lazy\" decoding=\"async\" width=\"1024\" height=\"172\" src=\"http:\/\/leclosdelabergerie33.com\/wp-content\/uploads\/2024\/04\/Design-sans-titre-8-1024x172.png\" alt=\"\" class=\"wp-image-646\" style=\"width:280px\" srcset=\"https:\/\/leclosdelabergerie33.com\/wp-content\/uploads\/2024\/04\/Design-sans-titre-8-1024x172.png 1024w, https:\/\/leclosdelabergerie33.com\/wp-content\/uploads\/2024\/04\/Design-sans-titre-8-300x50.png 300w, https:\/\/leclosdelabergerie33.com\/wp-content\/uploads\/2024\/04\/Design-sans-titre-8-768x129.png 768w, https:\/\/leclosdelabergerie33.com\/wp-content\/uploads\/2024\/04\/Design-sans-titre-8-1536x258.png 1536w, https:\/\/leclosdelabergerie33.com\/wp-content\/uploads\/2024\/04\/Design-sans-titre-8-2048x344.png 2048w\" sizes=\"auto, (max-width: 1024px) 100vw, 1024px\" \/><\/figure><\/div>\n\n\n<div style=\"height:50px\" aria-hidden=\"true\" class=\"wp-block-spacer\"><\/div>\n\n\n\n<h1 class=\"wp-block-heading has-text-align-center\">La Villa<\/h1>\n\n\n\n<p class=\"has-text-align-center\">Un g\u00eete ind\u00e9pendant et chaleureux, parfait pour les familles ou petits groupes :<\/p>\n\n\n\n<div style=\"height:25px\" aria-hidden=\"true\" class=\"wp-block-spacer\"><\/div>\n\n\n\n<p class=\"has-text-align-center\">\u25aa\ufe0e Capacit\u00e9 : 4 \u00e0 6 personnes<br>\u25aa\ufe0e Cuisine \u00e9quip\u00e9e, salon, terrasse, po\u00eale \u00e0 bois<br>\u25aa\ufe0e Linge de lit et serviettes inclus<br>\u25aa\ufe0e Acc\u00e8s libre \u00e0 la piscine et \u00e0 l\u2019ensemble du domaine<\/p>\n\n\n\n<div style=\"height:25px\" aria-hidden=\"true\" class=\"wp-block-spacer\"><\/div>\n\n\n\n<p class=\"has-text-align-center\"><strong>Tarif : 1800 \u20ac  pour 5 jours \/ 4 nuits<\/strong> soit du mardi au dimanche<br><em>\u2192 M\u00e9nage de fin de s\u00e9jour : 100 \u20ac (obligatoire)<\/em><\/p>\n\n\n\n<div style=\"height:50px\" aria-hidden=\"true\" class=\"wp-block-spacer\"><\/div>\n\n\n<div class=\"wp-block-image\">\n<figure class=\"aligncenter size-large is-resized\"><img loading=\"lazy\" decoding=\"async\" width=\"1024\" height=\"172\" src=\"http:\/\/leclosdelabergerie33.com\/wp-content\/uploads\/2024\/04\/Design-sans-titre-8-1024x172.png\" alt=\"\" class=\"wp-image-646\" style=\"width:280px;height:auto\" srcset=\"https:\/\/leclosdelabergerie33.com\/wp-content\/uploads\/2024\/04\/Design-sans-titre-8-1024x172.png 1024w, https:\/\/leclosdelabergerie33.com\/wp-content\/uploads\/2024\/04\/Design-sans-titre-8-300x50.png 300w, https:\/\/leclosdelabergerie33.com\/wp-content\/uploads\/2024\/04\/Design-sans-titre-8-768x129.png 768w, https:\/\/leclosdelabergerie33.com\/wp-content\/uploads\/2024\/04\/Design-sans-titre-8-1536x258.png 1536w, https:\/\/leclosdelabergerie33.com\/wp-content\/uploads\/2024\/04\/Design-sans-titre-8-2048x344.png 2048w\" sizes=\"auto, (max-width: 1024px) 100vw, 1024px\" \/><\/figure><\/div>\n\n\n<div style=\"height:50px\" aria-hidden=\"true\" class=\"wp-block-spacer\"><\/div>\n\n\n\n<h1 class=\"wp-block-heading has-text-align-center\"><strong>Pack \u00c9v\u00e9nement + H\u00e9bergement<\/strong><\/h1>\n\n\n\n<div style=\"height:25px\" aria-hidden=\"true\" class=\"wp-block-spacer\"><\/div>\n\n\n\n<p class=\"has-text-align-center\">Pour vos <strong>mariages, cousinades, s\u00e9minaires, retraites, anniversaires<\/strong>, nous proposons une offre compl\u00e8te dans un cadre champ\u00eatre, intime et chaleureux.<\/p>\n\n\n\n<div style=\"height:25px\" aria-hidden=\"true\" class=\"wp-block-spacer\"><\/div>\n\n\n\n<p class=\"has-text-align-center\"><strong>Ce que comprend notre pack \u00e9v\u00e9nementiel :<\/strong><\/p>\n\n\n\n<p class=\"has-text-align-center\">\u25aa\ufe0e <strong>Espace de r\u00e9ception couvert<\/strong><br>\u25aa\ufe0e <strong>Terrasse de r\u00e9ception ext\u00e9rieure face \u00e0 la piscine<\/strong><br>\u25aa\ufe0e <strong>H\u00e9bergement sur place<\/strong> : G\u00eete, Auberge Girondine &amp; Suite<br>\u25aa\ufe0e Parking privatif, cuisine \u00e9quip\u00e9e \u00e0 disposition<br>\u25aa\ufe0e Ambiance calme, loin de la circulation<\/p>\n\n\n\n<div style=\"height:25px\" aria-hidden=\"true\" class=\"wp-block-spacer\"><\/div>\n\n\n\n<p class=\"has-text-align-center\"><strong>En option (sur devis) :<\/strong><\/p>\n\n\n\n<p class=\"has-text-align-center\">\u25aa\ufe0e Traiteur, food truck, mobilier suppl\u00e9mentaire<br>\u25aa\ufe0e D\u00e9coration &amp; sc\u00e9nographie<br>\u25aa\ufe0e Officiant.e de c\u00e9r\u00e9monie la\u00efque<br>\u25aa\ufe0e Activit\u00e9s bien-\u00eatre ou nature<br>\u25aa\ufe0e Coordination ou pr\u00e9sence sur place le jour J<\/p>\n\n\n\n<div style=\"height:50px\" aria-hidden=\"true\" class=\"wp-block-spacer\"><\/div>\n\n\n\n<p class=\"has-text-align-center\">\ud83d\udce9 <strong>Contactez-nous pour un devis personnalis\u00e9 adapt\u00e9 \u00e0 votre projet<\/strong><\/p>\n\n\n\n<div class=\"wp-block-buttons is-content-justification-center is-layout-flex wp-container-core-buttons-is-layout-16018d1d wp-block-buttons-is-layout-flex\">\n<div class=\"wp-block-button\"><a class=\"wp-block-button__link wp-element-button\" href=\"https:\/\/leclosdelabergerie33.com\/index.php\/nous-contacter\/\">Contact<\/a><\/div>\n<\/div>\n\n\n\n<div style=\"height:50px\" aria-hidden=\"true\" class=\"wp-block-spacer\"><\/div>\n\n\n\n<p class=\"has-text-align-center\"><strong><em>* Tarifs applicables en 2025<\/em><\/strong><\/p>\n\n\n\n<p class=\"has-text-align-center\"><em>Ces tarifs sont valables  entre le 1er janvier et le 31 d\u00e9cembre 2025. Tout changement sera communiqu\u00e9e \u00e0 l\u2019avance sur cette page<\/em> et nos r\u00e9seaux.<\/p>\n\n\n\n<p><\/p>\n","protected":false},"excerpt":{"rendered":"<p>Choisissez votre s\u00e9jour ou organisez votre \u00e9v\u00e9nement en toute s\u00e9r\u00e9nit\u00e9 S\u00e9jours du mardi 17h00 au dimanche 11h00(5 jours \u2013 4 nuits) Un rythme pens\u00e9 pour vous offrir un vrai temps de pause, loin du tumulte, dans un cadre naturel et paisible. L\u2019Auberge Girondine L\u2019Auberge Girondine vous accueille dans une ancienne long\u00e8re r\u00e9nov\u00e9e, \u00e0 la fois [&hellip;]<\/p>\n","protected":false},"author":1,"featured_media":1586,"parent":0,"menu_order":0,"comment_status":"closed","ping_status":"closed","template":"","meta":{"ocean_post_layout":"","ocean_both_sidebars_style":"","ocean_both_sidebars_content_width":0,"ocean_both_sidebars_sidebars_width":0,"ocean_sidebar":"","ocean_second_sidebar":"","ocean_disable_margins":"enable","ocean_add_body_class":"","ocean_shortcode_before_top_bar":"","ocean_shortcode_after_top_bar":"","ocean_shortcode_before_header":"","ocean_shortcode_after_header":"","ocean_has_shortcode":"","ocean_shortcode_after_title":"","ocean_shortcode_before_footer_widgets":"","ocean_shortcode_after_footer_widgets":"","ocean_shortcode_before_footer_bottom":"","ocean_shortcode_after_footer_bottom":"","ocean_display_top_bar":"default","ocean_display_header":"default","ocean_header_style":"","ocean_center_header_left_menu":"","ocean_custom_header_template":"","ocean_custom_logo":0,"ocean_custom_retina_logo":0,"ocean_custom_logo_max_width":0,"ocean_custom_logo_tablet_max_width":0,"ocean_custom_logo_mobile_max_width":0,"ocean_custom_logo_max_height":0,"ocean_custom_logo_tablet_max_height":0,"ocean_custom_logo_mobile_max_height":0,"ocean_header_custom_menu":"","ocean_menu_typo_font_family":"","ocean_menu_typo_font_subset":"","ocean_menu_typo_font_size":0,"ocean_menu_typo_font_size_tablet":0,"ocean_menu_typo_font_size_mobile":0,"ocean_menu_typo_font_size_unit":"px","ocean_menu_typo_font_weight":"","ocean_menu_typo_font_weight_tablet":"","ocean_menu_typo_font_weight_mobile":"","ocean_menu_typo_transform":"","ocean_menu_typo_transform_tablet":"","ocean_menu_typo_transform_mobile":"","ocean_menu_typo_line_height":0,"ocean_menu_typo_line_height_tablet":0,"ocean_menu_typo_line_height_mobile":0,"ocean_menu_typo_line_height_unit":"","ocean_menu_typo_spacing":0,"ocean_menu_typo_spacing_tablet":0,"ocean_menu_typo_spacing_mobile":0,"ocean_menu_typo_spacing_unit":"","ocean_menu_link_color":"","ocean_menu_link_color_hover":"","ocean_menu_link_color_active":"","ocean_menu_link_background":"","ocean_menu_link_hover_background":"","ocean_menu_link_active_background":"","ocean_menu_social_links_bg":"","ocean_menu_social_hover_links_bg":"","ocean_menu_social_links_color":"","ocean_menu_social_hover_links_color":"","ocean_disable_title":"default","ocean_disable_heading":"default","ocean_post_title":"","ocean_post_subheading":"","ocean_post_title_style":"","ocean_post_title_background_color":"","ocean_post_title_background":0,"ocean_post_title_bg_image_position":"","ocean_post_title_bg_image_attachment":"","ocean_post_title_bg_image_repeat":"","ocean_post_title_bg_image_size":"","ocean_post_title_height":0,"ocean_post_title_bg_overlay":0.5,"ocean_post_title_bg_overlay_color":"","ocean_disable_breadcrumbs":"default","ocean_breadcrumbs_color":"","ocean_breadcrumbs_separator_color":"","ocean_breadcrumbs_links_color":"","ocean_breadcrumbs_links_hover_color":"","ocean_display_footer_widgets":"default","ocean_display_footer_bottom":"default","ocean_custom_footer_template":"","footnotes":""},"class_list":["post-1791","page","type-page","status-publish","has-post-thumbnail","hentry","entry","has-media","owp-thumbs-layout-horizontal","owp-btn-normal","owp-tabs-layout-horizontal","has-no-thumbnails","has-product-nav"],"yoast_head":"<!-- This site is optimized with the Yoast SEO plugin v25.5 - https:\/\/yoast.com\/wordpress\/plugins\/seo\/ -->\n<title>Tarifs &amp; R\u00e9servation - Domaine de la Bergerie<\/title>\n<meta name=\"robots\" content=\"index, follow, max-snippet:-1, max-image-preview:large, max-video-preview:-1\" \/>\n<link rel=\"canonical\" href=\"https:\/\/leclosdelabergerie33.com\/index.php\/tarifs-reservation\/\" \/>\n<meta property=\"og:locale\" content=\"fr_FR\" \/>\n<meta property=\"og:type\" content=\"article\" \/>\n<meta property=\"og:title\" content=\"Tarifs &amp; R\u00e9servation - Domaine de la Bergerie\" \/>\n<meta property=\"og:description\" content=\"Choisissez votre s\u00e9jour ou organisez votre \u00e9v\u00e9nement en toute s\u00e9r\u00e9nit\u00e9 S\u00e9jours du mardi 17h00 au dimanche 11h00(5 jours \u2013 4 nuits) Un rythme pens\u00e9 pour vous offrir un vrai temps de pause, loin du tumulte, dans un cadre naturel et paisible. L\u2019Auberge Girondine L\u2019Auberge Girondine vous accueille dans une ancienne long\u00e8re r\u00e9nov\u00e9e, \u00e0 la fois [&hellip;]\" \/>\n<meta property=\"og:url\" content=\"https:\/\/leclosdelabergerie33.com\/index.php\/tarifs-reservation\/\" \/>\n<meta property=\"og:site_name\" content=\"Domaine de la Bergerie\" \/>\n<meta property=\"article:modified_time\" content=\"2025-06-24T17:01:04+00:00\" \/>\n<meta property=\"og:image\" content=\"http:\/\/leclosdelabergerie33.com\/wp-content\/uploads\/2024\/08\/Domaine-02-1024x514.png\" \/>\n\t<meta property=\"og:image:width\" content=\"1024\" \/>\n\t<meta property=\"og:image:height\" content=\"514\" \/>\n\t<meta property=\"og:image:type\" content=\"image\/png\" \/>\n<meta name=\"twitter:card\" content=\"summary_large_image\" \/>\n<meta name=\"twitter:label1\" content=\"Dur\u00e9e de lecture estim\u00e9e\" \/>\n\t<meta name=\"twitter:data1\" content=\"4 minutes\" \/>\n<script type=\"application\/ld+json\" class=\"yoast-schema-graph\">{\"@context\":\"https:\/\/schema.org\",\"@graph\":[{\"@type\":\"WebPage\",\"@id\":\"https:\/\/leclosdelabergerie33.com\/index.php\/tarifs-reservation\/\",\"url\":\"https:\/\/leclosdelabergerie33.com\/index.php\/tarifs-reservation\/\",\"name\":\"Tarifs &amp; R\u00e9servation - Domaine de la Bergerie\",\"isPartOf\":{\"@id\":\"https:\/\/leclosdelabergerie33.com\/#website\"},\"primaryImageOfPage\":{\"@id\":\"https:\/\/leclosdelabergerie33.com\/index.php\/tarifs-reservation\/#primaryimage\"},\"image\":{\"@id\":\"https:\/\/leclosdelabergerie33.com\/index.php\/tarifs-reservation\/#primaryimage\"},\"thumbnailUrl\":\"https:\/\/leclosdelabergerie33.com\/wp-content\/uploads\/2024\/08\/Domaine-02.png\",\"datePublished\":\"2025-06-24T15:46:33+00:00\",\"dateModified\":\"2025-06-24T17:01:04+00:00\",\"breadcrumb\":{\"@id\":\"https:\/\/leclosdelabergerie33.com\/index.php\/tarifs-reservation\/#breadcrumb\"},\"inLanguage\":\"fr-FR\",\"potentialAction\":[{\"@type\":\"ReadAction\",\"target\":[\"https:\/\/leclosdelabergerie33.com\/index.php\/tarifs-reservation\/\"]}]},{\"@type\":\"ImageObject\",\"inLanguage\":\"fr-FR\",\"@id\":\"https:\/\/leclosdelabergerie33.com\/index.php\/tarifs-reservation\/#primaryimage\",\"url\":\"https:\/\/leclosdelabergerie33.com\/wp-content\/uploads\/2024\/08\/Domaine-02.png\",\"contentUrl\":\"https:\/\/leclosdelabergerie33.com\/wp-content\/uploads\/2024\/08\/Domaine-02.png\",\"width\":3280,\"height\":1647,\"caption\":\"Domaine 02\"},{\"@type\":\"BreadcrumbList\",\"@id\":\"https:\/\/leclosdelabergerie33.com\/index.php\/tarifs-reservation\/#breadcrumb\",\"itemListElement\":[{\"@type\":\"ListItem\",\"position\":1,\"name\":\"Accueil\",\"item\":\"https:\/\/leclosdelabergerie33.com\/\"},{\"@type\":\"ListItem\",\"position\":2,\"name\":\"Tarifs &amp; R\u00e9servation\"}]},{\"@type\":\"WebSite\",\"@id\":\"https:\/\/leclosdelabergerie33.com\/#website\",\"url\":\"https:\/\/leclosdelabergerie33.com\/\",\"name\":\"Domaine de la Bergerie\",\"description\":\"Le Clos dit Le Domaine de la Bergerie\",\"publisher\":{\"@id\":\"https:\/\/leclosdelabergerie33.com\/#organization\"},\"potentialAction\":[{\"@type\":\"SearchAction\",\"target\":{\"@type\":\"EntryPoint\",\"urlTemplate\":\"https:\/\/leclosdelabergerie33.com\/?s={search_term_string}\"},\"query-input\":{\"@type\":\"PropertyValueSpecification\",\"valueRequired\":true,\"valueName\":\"search_term_string\"}}],\"inLanguage\":\"fr-FR\"},{\"@type\":\"Organization\",\"@id\":\"https:\/\/leclosdelabergerie33.com\/#organization\",\"name\":\"Domaine de la Bergerie\",\"url\":\"https:\/\/leclosdelabergerie33.com\/\",\"logo\":{\"@type\":\"ImageObject\",\"inLanguage\":\"fr-FR\",\"@id\":\"https:\/\/leclosdelabergerie33.com\/#\/schema\/logo\/image\/\",\"url\":\"https:\/\/leclosdelabergerie33.com\/wp-content\/uploads\/2024\/04\/cropped-Logo-ecusson-a-superposer.png\",\"contentUrl\":\"https:\/\/leclosdelabergerie33.com\/wp-content\/uploads\/2024\/04\/cropped-Logo-ecusson-a-superposer.png\",\"width\":2967,\"height\":2967,\"caption\":\"Domaine de la Bergerie\"},\"image\":{\"@id\":\"https:\/\/leclosdelabergerie33.com\/#\/schema\/logo\/image\/\"}}]}<\/script>\n<!-- \/ Yoast SEO plugin. -->","yoast_head_json":{"title":"Tarifs &amp; R\u00e9servation - Domaine de la Bergerie","robots":{"index":"index","follow":"follow","max-snippet":"max-snippet:-1","max-image-preview":"max-image-preview:large","max-video-preview":"max-video-preview:-1"},"canonical":"https:\/\/leclosdelabergerie33.com\/index.php\/tarifs-reservation\/","og_locale":"fr_FR","og_type":"article","og_title":"Tarifs &amp; R\u00e9servation - Domaine de la Bergerie","og_description":"Choisissez votre s\u00e9jour ou organisez votre \u00e9v\u00e9nement en toute s\u00e9r\u00e9nit\u00e9 S\u00e9jours du mardi 17h00 au dimanche 11h00(5 jours \u2013 4 nuits) Un rythme pens\u00e9 pour vous offrir un vrai temps de pause, loin du tumulte, dans un cadre naturel et paisible. L\u2019Auberge Girondine L\u2019Auberge Girondine vous accueille dans une ancienne long\u00e8re r\u00e9nov\u00e9e, \u00e0 la fois [&hellip;]","og_url":"https:\/\/leclosdelabergerie33.com\/index.php\/tarifs-reservation\/","og_site_name":"Domaine de la Bergerie","article_modified_time":"2025-06-24T17:01:04+00:00","og_image":[{"width":1024,"height":514,"url":"http:\/\/leclosdelabergerie33.com\/wp-content\/uploads\/2024\/08\/Domaine-02-1024x514.png","type":"image\/png"}],"twitter_card":"summary_large_image","twitter_misc":{"Dur\u00e9e de lecture estim\u00e9e":"4 minutes"},"schema":{"@context":"https:\/\/schema.org","@graph":[{"@type":"WebPage","@id":"https:\/\/leclosdelabergerie33.com\/index.php\/tarifs-reservation\/","url":"https:\/\/leclosdelabergerie33.com\/index.php\/tarifs-reservation\/","name":"Tarifs &amp; R\u00e9servation - Domaine de la Bergerie","isPartOf":{"@id":"https:\/\/leclosdelabergerie33.com\/#website"},"primaryImageOfPage":{"@id":"https:\/\/leclosdelabergerie33.com\/index.php\/tarifs-reservation\/#primaryimage"},"image":{"@id":"https:\/\/leclosdelabergerie33.com\/index.php\/tarifs-reservation\/#primaryimage"},"thumbnailUrl":"https:\/\/leclosdelabergerie33.com\/wp-content\/uploads\/2024\/08\/Domaine-02.png","datePublished":"2025-06-24T15:46:33+00:00","dateModified":"2025-06-24T17:01:04+00:00","breadcrumb":{"@id":"https:\/\/leclosdelabergerie33.com\/index.php\/tarifs-reservation\/#breadcrumb"},"inLanguage":"fr-FR","potentialAction":[{"@type":"ReadAction","target":["https:\/\/leclosdelabergerie33.com\/index.php\/tarifs-reservation\/"]}]},{"@type":"ImageObject","inLanguage":"fr-FR","@id":"https:\/\/leclosdelabergerie33.com\/index.php\/tarifs-reservation\/#primaryimage","url":"https:\/\/leclosdelabergerie33.com\/wp-content\/uploads\/2024\/08\/Domaine-02.png","contentUrl":"https:\/\/leclosdelabergerie33.com\/wp-content\/uploads\/2024\/08\/Domaine-02.png","width":3280,"height":1647,"caption":"Domaine 02"},{"@type":"BreadcrumbList","@id":"https:\/\/leclosdelabergerie33.com\/index.php\/tarifs-reservation\/#breadcrumb","itemListElement":[{"@type":"ListItem","position":1,"name":"Accueil","item":"https:\/\/leclosdelabergerie33.com\/"},{"@type":"ListItem","position":2,"name":"Tarifs &amp; R\u00e9servation"}]},{"@type":"WebSite","@id":"https:\/\/leclosdelabergerie33.com\/#website","url":"https:\/\/leclosdelabergerie33.com\/","name":"Domaine de la Bergerie","description":"Le Clos dit Le Domaine de la Bergerie","publisher":{"@id":"https:\/\/leclosdelabergerie33.com\/#organization"},"potentialAction":[{"@type":"SearchAction","target":{"@type":"EntryPoint","urlTemplate":"https:\/\/leclosdelabergerie33.com\/?s={search_term_string}"},"query-input":{"@type":"PropertyValueSpecification","valueRequired":true,"valueName":"search_term_string"}}],"inLanguage":"fr-FR"},{"@type":"Organization","@id":"https:\/\/leclosdelabergerie33.com\/#organization","name":"Domaine de la Bergerie","url":"https:\/\/leclosdelabergerie33.com\/","logo":{"@type":"ImageObject","inLanguage":"fr-FR","@id":"https:\/\/leclosdelabergerie33.com\/#\/schema\/logo\/image\/","url":"https:\/\/leclosdelabergerie33.com\/wp-content\/uploads\/2024\/04\/cropped-Logo-ecusson-a-superposer.png","contentUrl":"https:\/\/leclosdelabergerie33.com\/wp-content\/uploads\/2024\/04\/cropped-Logo-ecusson-a-superposer.png","width":2967,"height":2967,"caption":"Domaine de la Bergerie"},"image":{"@id":"https:\/\/leclosdelabergerie33.com\/#\/schema\/logo\/image\/"}}]}},"_links":{"self":[{"href":"https:\/\/leclosdelabergerie33.com\/index.php\/wp-json\/wp\/v2\/pages\/1791","targetHints":{"allow":["GET"]}}],"collection":[{"href":"https:\/\/leclosdelabergerie33.com\/index.php\/wp-json\/wp\/v2\/pages"}],"about":[{"href":"https:\/\/leclosdelabergerie33.com\/index.php\/wp-json\/wp\/v2\/types\/page"}],"author":[{"embeddable":true,"href":"https:\/\/leclosdelabergerie33.com\/index.php\/wp-json\/wp\/v2\/users\/1"}],"replies":[{"embeddable":true,"href":"https:\/\/leclosdelabergerie33.com\/index.php\/wp-json\/wp\/v2\/comments?post=1791"}],"version-history":[{"count":13,"href":"https:\/\/leclosdelabergerie33.com\/index.php\/wp-json\/wp\/v2\/pages\/1791\/revisions"}],"predecessor-version":[{"id":1813,"href":"https:\/\/leclosdelabergerie33.com\/index.php\/wp-json\/wp\/v2\/pages\/1791\/revisions\/1813"}],"wp:featuredmedia":[{"embeddable":true,"href":"https:\/\/leclosdelabergerie33.com\/index.php\/wp-json\/wp\/v2\/media\/1586"}],"wp:attachment":[{"href":"https:\/\/leclosdelabergerie33.com\/index.php\/wp-json\/wp\/v2\/media?parent=1791"}],"curies":[{"name":"wp","href":"https:\/\/api.w.org\/{rel}","templated":true}]}}